{"id":17601,"date":"2021-04-01T13:08:10","date_gmt":"2021-04-01T11:08:10","guid":{"rendered":"https:\/\/fifty-bees.com\/tu-de-a-a-bee\/"},"modified":"2024-03-12T15:38:41","modified_gmt":"2024-03-12T14:38:41","slug":"tu-de-a-a-bee","status":"publish","type":"page","link":"https:\/\/fifty-bees.com\/es\/tu-de-a-a-bee\/","title":{"rendered":"T\u00fa, de A a Bee"},"content":{"rendered":"<div class=\"wpb-content-wrapper\"><p>[vc_row css_animation=\u00bb\u00bb row_type=\u00bbrow\u00bb use_row_as_full_screen_section=\u00bbno\u00bb type=\u00bbfull_width\u00bb angled_section=\u00bbno\u00bb text_align=\u00bbleft\u00bb background_image_as_pattern=\u00bbwithout_pattern\u00bb][vc_column][vc_separator type=\u00bbtransparent\u00bb][\/vc_column][\/vc_row][vc_row css_animation=\u00bb\u00bb row_type=\u00bbrow\u00bb use_row_as_full_screen_section=\u00bbno\u00bb type=\u00bbfull_width\u00bb angled_section=\u00bbno\u00bb text_align=\u00bbcenter\u00bb background_image_as_pattern=\u00bbwithout_pattern\u00bb z_index=\u00bb\u00bb css=\u00bb.vc_custom_1558820875814{padding-bottom: 60px !important;}\u00bb][vc_column width=\u00bb1\/12&#8243; offset=\u00bbvc_hidden-xs\u00bb][\/vc_column][vc_column width=\u00bb10\/12&#8243;][vc_column_text css=\u00bb.vc_custom_1558629962018{padding-right: 10% !important;padding-left: 10% !important;}\u00bb]<\/p>\n<h5 style=\"text-align: center;\">\u00ab Define el \u00e9xito en tus propios t\u00e9rminos, llega a \u00e9l con tus propias reglas y construye una vida que est\u00e9s orgulloso de vivir \u00bb<\/h5>\n<p>[\/vc_column_text][vc_column_text css=\u00bb.vc_custom_1558820862176{padding-top: 12px !important;}\u00bb]<strong>ANNE SWEENEY<\/strong>,\u00a0<em>copresidenta de Disney Media, Presidenta del Grupo de Televisi\u00f3n Disney-ABC.<\/em>[\/vc_column_text][\/vc_column][vc_column width=\u00bb1\/12&#8243; offset=\u00bbvc_hidden-xs\u00bb][\/vc_column][\/vc_row][vc_row css_animation=\u00bb\u00bb row_type=\u00bbrow\u00bb use_row_as_full_screen_section=\u00bbyes\u00bb type=\u00bbgrid\u00bb angled_section=\u00bbno\u00bb text_align=\u00bbleft\u00bb background_image_as_pattern=\u00bbwithout_pattern\u00bb z_index=\u00bb\u00bb css=\u00bb.vc_custom_1558558878744{background-color: #203c5c !important;}\u00bb][vc_column width=\u00bb1\/6&#8243; el_class=\u00bbh1border\u00bb][vc_column_text]<\/p>\n<h1>T\u00fa,<br \/>\nde A a<br \/>\nBees<\/h1>\n<p>[\/vc_column_text][\/vc_column][vc_column width=\u00bb6\/12&#8243; css=\u00bb.vc_custom_1558559467700{padding-top: 0px !important;padding-bottom: 0px !important;}\u00bb][vc_column_text css=\u00bb.vc_custom_1559482042879{padding-top: 20px !important;}\u00bb]<span style=\"color: #ffffff;\">Est\u00e1s dirigiendo una empresa que funciona bien \u2013 o que tienes en mente, un mont\u00f3n de proyectos nadando en tu cabeza, expedientes largos y urgentes en tu escritorio, problemas que se presentan cuando menos los esperabas (por lo general volando en escuadr\u00f3n), d\u00edas interminables, nuevos contratos firmados que no esperabas tampoco. <strong>En pocas palabras, eres un empresario.<\/strong>Y cuando miras atr\u00e1s para ver lo lejos que has llegado, est\u00e1s orgulloso del terreno que has cubierto, de lo que has imaginado, de lo que has construido.<\/span>[\/vc_column_text][vc_column_text css=\u00bb.vc_custom_1559482060009{padding-top: 10px !important;padding-bottom: 20px !important;}\u00bb]<\/p>\n<h3><span style=\"color: #ffffff;\"><strong>Deber\u00edas ser.<\/strong><\/span><\/h3>\n<h3><span style=\"color: #ffffff;\"><strong>Gracias por ser empresario.<\/strong><\/span><\/h3>\n<p>[\/vc_column_text][\/vc_column][vc_column width=\u00bb4\/12&#8243; css=\u00bb.vc_custom_1558559426455{margin-top: 0px !important;margin-bottom: 0px !important;border-top-width: 0px !important;border-bottom-width: 0px !important;padding-top: 0px !important;padding-bottom: 0px !important;}\u00bb][vc_single_image image=\u00bb18885&#8243; img_size=\u00bbfull\u00bb qode_css_animation=\u00bbelement_from_right\u00bb css=\u00bb.vc_custom_1710254299529{margin-top: 0px !important;margin-bottom: 0px !important;border-top-width: 0px !important;border-bottom-width: 0px !important;padding-top: 0px !important;padding-bottom: 0px !important;}\u00bb][\/vc_column][\/vc_row][vc_row css_animation=\u00bb\u00bb row_type=\u00bbrow\u00bb use_row_as_full_screen_section=\u00bbno\u00bb type=\u00bbfull_width\u00bb angled_section=\u00bbno\u00bb text_align=\u00bbleft\u00bb background_image_as_pattern=\u00bbwithout_pattern\u00bb][vc_column][vc_separator type=\u00bbtransparent\u00bb][\/vc_column][\/vc_row][vc_row css_animation=\u00bb\u00bb row_type=\u00bbrow\u00bb use_row_as_full_screen_section=\u00bbno\u00bb type=\u00bbgrid\u00bb angled_section=\u00bbno\u00bb text_align=\u00bbleft\u00bb background_image_as_pattern=\u00bbwithout_pattern\u00bb z_index=\u00bb\u00bb css=\u00bb.vc_custom_1558823205820{padding-top: 12px !important;}\u00bb][vc_column width=\u00bb1\/6&#8243; css=\u00bb.vc_custom_1556703880810{margin-top: 0px !important;margin-right: 0px !important;margin-bottom: 0px !important;margin-left: 0px !important;border-top-width: 0px !important;border-right-width: 0px !important;border-bottom-width: 0px !important;border-left-width: 0px !important;padding-top: 0px !important;padding-right: 0px !important;padding-bottom: 0px !important;padding-left: 0px !important;}\u00bb][vc_single_image image=\u00bb17636&#8243; img_size=\u00bbfull\u00bb qode_css_animation=\u00bbelement_from_left\u00bb css=\u00bb.vc_custom_1617277523012{margin-top: 0px !important;margin-right: 0px !important;margin-bottom: 0px !important;margin-left: 0px !important;border-top-width: 0px !important;border-right-width: 0px !important;border-bottom-width: 0px !important;border-left-width: 0px !important;padding-top: 0px !important;padding-right: 0px !important;padding-bottom: 0px !important;padding-left: 0px !important;}\u00bb][\/vc_column][vc_column width=\u00bb1\/2&#8243;][vc_column_text css=\u00bb.vc_custom_1559482073567{padding-bottom: 10px !important;}\u00bb]Tienes que estar un poco loco para ser un empresario, sin embargo&#8230;<\/p>\n<p>Ser empresario significa trabajar sin contar horas, gestionar el d\u00eda, incluyendo peque\u00f1as y mayores preocupaciones, producir cada ma\u00f1ana lo mejor que puedas, organizar hombres, lidiar con figuras, imaginar lo que a\u00fan no existe, fracasar y empezar de nuevo al d\u00eda siguiente.<\/p>\n<p><strong>Es nunca darse por vencido.<\/strong> Olvidarse de su mismo, a veces tambi\u00e9n.[\/vc_column_text][vc_column_text css=\u00bb.vc_custom_1559482088316{padding-bottom: 10px !important;}\u00bb]Por todas estas razones, y porque en <em><strong>Fifty Bees<\/strong><\/em>, somos una vez y m\u00e1s fren\u00e9ticos empresarios, estamos aqu\u00ed para ti. <strong>Cu\u00e9ntanos sobre tus ideas, tus fracasos, tus ambiciones.<\/strong>[\/vc_column_text][vc_column_text]<\/p>\n<h5><a href=\"https:\/\/fifty-bees.com\/es\/b-to-bee\/\">\u00a1H\u00e1blanos de ti!<\/a><\/h5>\n<p>\u00a1Hagamos que tus proyectos sean un \u00e9xito![\/vc_column_text][vc_separator type=\u00bbtransparent\u00bb][\/vc_column][vc_column width=\u00bb1\/3&#8243;][vc_single_image image=\u00bb18500&#8243; img_size=\u00bb539&#215;500&#8243; qode_css_animation=\u00bb\u00bb][\/vc_column][\/vc_row][vc_row css_animation=\u00bb\u00bb row_type=\u00bbrow\u00bb use_row_as_full_screen_section=\u00bbno\u00bb type=\u00bbfull_width\u00bb angled_section=\u00bbno\u00bb text_align=\u00bbleft\u00bb background_image_as_pattern=\u00bbwithout_pattern\u00bb][vc_column][vc_separator type=\u00bbtransparent\u00bb down=\u00bb30&#8243;][\/vc_column][\/vc_row]<\/p>\n<\/div>","protected":false},"excerpt":{"rendered":"<p>[vc_row css_animation=\u00bb\u00bb row_type=\u00bbrow\u00bb use_row_as_full_screen_section=\u00bbno\u00bb type=\u00bbfull_width\u00bb angled_section=\u00bbno\u00bb text_align=\u00bbleft\u00bb background_image_as_pattern=\u00bbwithout_pattern\u00bb][vc_column][vc_separator type=\u00bbtransparent\u00bb][\/vc_column][\/vc_row][vc_row css_animation=\u00bb\u00bb row_type=\u00bbrow\u00bb use_row_as_full_screen_section=\u00bbno\u00bb type=\u00bbfull_width\u00bb angled_section=\u00bbno\u00bb text_align=\u00bbcenter\u00bb background_image_as_pattern=\u00bbwithout_pattern\u00bb z_index=\u00bb\u00bb css=\u00bb.vc_custom_1558820875814{padding-bottom: 60px !important;}\u00bb][vc_column width=\u00bb1\/12&#8243; offset=\u00bbvc_hidden-xs\u00bb][\/vc_column][vc_column width=\u00bb10\/12&#8243;][vc_column_text css=\u00bb.vc_custom_1558629962018{padding-right: 10% !important;padding-left: 10% !important;}\u00bb] \u00ab Define el \u00e9xito en tus propios t\u00e9rminos, llega a \u00e9l con tus propias reglas y construye&#8230;<\/p>\n","protected":false},"author":3,"featured_media":0,"parent":0,"menu_order":0,"comment_status":"closed","ping_status":"closed","template":"full_width.php","meta":{"footnotes":""},"class_list":["post-17601","page","type-page","status-publish","hentry"],"yoast_head":"<!-- This site is optimized with the Yoast SEO plugin v25.7 - https:\/\/yoast.com\/wordpress\/plugins\/seo\/ -->\n<title>T\u00fa, de A a Bee - Fifty Bees<\/title>\n<meta name=\"description\" content=\"Empresarios y responsables de proyectos, \u00a1gracias por emprender! En Fifty Bees te escuchamos: \u00a1cu\u00e9ntanos tus ideas!\" \/>\n<meta name=\"robots\" content=\"index, follow, max-snippet:-1, max-image-preview:large, max-video-preview:-1\" \/>\n<link rel=\"canonical\" href=\"https:\/\/fifty-bees.com\/es\/tu-de-a-a-bee\/\" \/>\n<meta property=\"og:locale\" content=\"es_ES\" \/>\n<meta property=\"og:type\" content=\"article\" \/>\n<meta property=\"og:title\" content=\"T\u00fa, de A a Bee - Fifty Bees\" \/>\n<meta property=\"og:description\" content=\"Empresarios y responsables de proyectos, \u00a1gracias por emprender! En Fifty Bees te escuchamos: \u00a1cu\u00e9ntanos tus ideas!\" \/>\n<meta property=\"og:url\" content=\"https:\/\/fifty-bees.com\/es\/tu-de-a-a-bee\/\" \/>\n<meta property=\"og:site_name\" content=\"Fifty Bees\" \/>\n<meta property=\"article:modified_time\" content=\"2024-03-12T14:38:41+00:00\" \/>\n<meta name=\"twitter:card\" content=\"summary_large_image\" \/>\n<meta name=\"twitter:label1\" content=\"Tiempo de lectura\" \/>\n\t<meta name=\"twitter:data1\" content=\"3 minutos\" \/>\n<script type=\"application\/ld+json\" class=\"yoast-schema-graph\">{\"@context\":\"https:\/\/schema.org\",\"@graph\":[{\"@type\":\"WebPage\",\"@id\":\"https:\/\/fifty-bees.com\/es\/tu-de-a-a-bee\/\",\"url\":\"https:\/\/fifty-bees.com\/es\/tu-de-a-a-bee\/\",\"name\":\"T\u00fa, de A a Bee - Fifty Bees\",\"isPartOf\":{\"@id\":\"https:\/\/fifty-bees.com\/es\/#website\"},\"datePublished\":\"2021-04-01T11:08:10+00:00\",\"dateModified\":\"2024-03-12T14:38:41+00:00\",\"description\":\"Empresarios y responsables de proyectos, \u00a1gracias por emprender! En Fifty Bees te escuchamos: \u00a1cu\u00e9ntanos tus ideas!\",\"breadcrumb\":{\"@id\":\"https:\/\/fifty-bees.com\/es\/tu-de-a-a-bee\/#breadcrumb\"},\"inLanguage\":\"es\",\"potentialAction\":[{\"@type\":\"ReadAction\",\"target\":[\"https:\/\/fifty-bees.com\/es\/tu-de-a-a-bee\/\"]}]},{\"@type\":\"BreadcrumbList\",\"@id\":\"https:\/\/fifty-bees.com\/es\/tu-de-a-a-bee\/#breadcrumb\",\"itemListElement\":[{\"@type\":\"ListItem\",\"position\":1,\"name\":\"Accueil\",\"item\":\"https:\/\/fifty-bees.com\/es\/\"},{\"@type\":\"ListItem\",\"position\":2,\"name\":\"T\u00fa, de A a Bee\"}]},{\"@type\":\"WebSite\",\"@id\":\"https:\/\/fifty-bees.com\/es\/#website\",\"url\":\"https:\/\/fifty-bees.com\/es\/\",\"name\":\"Fifty Bees\",\"description\":\"\",\"publisher\":{\"@id\":\"https:\/\/fifty-bees.com\/es\/#organization\"},\"potentialAction\":[{\"@type\":\"SearchAction\",\"target\":{\"@type\":\"EntryPoint\",\"urlTemplate\":\"https:\/\/fifty-bees.com\/es\/?s={search_term_string}\"},\"query-input\":{\"@type\":\"PropertyValueSpecification\",\"valueRequired\":true,\"valueName\":\"search_term_string\"}}],\"inLanguage\":\"es\"},{\"@type\":\"Organization\",\"@id\":\"https:\/\/fifty-bees.com\/es\/#organization\",\"name\":\"Fifty Bees\",\"url\":\"https:\/\/fifty-bees.com\/es\/\",\"logo\":{\"@type\":\"ImageObject\",\"inLanguage\":\"es\",\"@id\":\"https:\/\/fifty-bees.com\/es\/#\/schema\/logo\/image\/\",\"url\":\"https:\/\/fifty-bees.com\/wp-content\/uploads\/2019\/04\/logo_fifty_bees_rvb_h200.png\",\"contentUrl\":\"https:\/\/fifty-bees.com\/wp-content\/uploads\/2019\/04\/logo_fifty_bees_rvb_h200.png\",\"width\":284,\"height\":221,\"caption\":\"Fifty Bees\"},\"image\":{\"@id\":\"https:\/\/fifty-bees.com\/es\/#\/schema\/logo\/image\/\"},\"sameAs\":[\"https:\/\/www.linkedin.com\/company\/fiftybees\/\"]}]}<\/script>\n<!-- \/ Yoast SEO plugin. -->","yoast_head_json":{"title":"T\u00fa, de A a Bee - Fifty Bees","description":"Empresarios y responsables de proyectos, \u00a1gracias por emprender! En Fifty Bees te escuchamos: \u00a1cu\u00e9ntanos tus ideas!","robots":{"index":"index","follow":"follow","max-snippet":"max-snippet:-1","max-image-preview":"max-image-preview:large","max-video-preview":"max-video-preview:-1"},"canonical":"https:\/\/fifty-bees.com\/es\/tu-de-a-a-bee\/","og_locale":"es_ES","og_type":"article","og_title":"T\u00fa, de A a Bee - Fifty Bees","og_description":"Empresarios y responsables de proyectos, \u00a1gracias por emprender! En Fifty Bees te escuchamos: \u00a1cu\u00e9ntanos tus ideas!","og_url":"https:\/\/fifty-bees.com\/es\/tu-de-a-a-bee\/","og_site_name":"Fifty Bees","article_modified_time":"2024-03-12T14:38:41+00:00","twitter_card":"summary_large_image","twitter_misc":{"Tiempo de lectura":"3 minutos"},"schema":{"@context":"https:\/\/schema.org","@graph":[{"@type":"WebPage","@id":"https:\/\/fifty-bees.com\/es\/tu-de-a-a-bee\/","url":"https:\/\/fifty-bees.com\/es\/tu-de-a-a-bee\/","name":"T\u00fa, de A a Bee - Fifty Bees","isPartOf":{"@id":"https:\/\/fifty-bees.com\/es\/#website"},"datePublished":"2021-04-01T11:08:10+00:00","dateModified":"2024-03-12T14:38:41+00:00","description":"Empresarios y responsables de proyectos, \u00a1gracias por emprender! En Fifty Bees te escuchamos: \u00a1cu\u00e9ntanos tus ideas!","breadcrumb":{"@id":"https:\/\/fifty-bees.com\/es\/tu-de-a-a-bee\/#breadcrumb"},"inLanguage":"es","potentialAction":[{"@type":"ReadAction","target":["https:\/\/fifty-bees.com\/es\/tu-de-a-a-bee\/"]}]},{"@type":"BreadcrumbList","@id":"https:\/\/fifty-bees.com\/es\/tu-de-a-a-bee\/#breadcrumb","itemListElement":[{"@type":"ListItem","position":1,"name":"Accueil","item":"https:\/\/fifty-bees.com\/es\/"},{"@type":"ListItem","position":2,"name":"T\u00fa, de A a Bee"}]},{"@type":"WebSite","@id":"https:\/\/fifty-bees.com\/es\/#website","url":"https:\/\/fifty-bees.com\/es\/","name":"Fifty Bees","description":"","publisher":{"@id":"https:\/\/fifty-bees.com\/es\/#organization"},"potentialAction":[{"@type":"SearchAction","target":{"@type":"EntryPoint","urlTemplate":"https:\/\/fifty-bees.com\/es\/?s={search_term_string}"},"query-input":{"@type":"PropertyValueSpecification","valueRequired":true,"valueName":"search_term_string"}}],"inLanguage":"es"},{"@type":"Organization","@id":"https:\/\/fifty-bees.com\/es\/#organization","name":"Fifty Bees","url":"https:\/\/fifty-bees.com\/es\/","logo":{"@type":"ImageObject","inLanguage":"es","@id":"https:\/\/fifty-bees.com\/es\/#\/schema\/logo\/image\/","url":"https:\/\/fifty-bees.com\/wp-content\/uploads\/2019\/04\/logo_fifty_bees_rvb_h200.png","contentUrl":"https:\/\/fifty-bees.com\/wp-content\/uploads\/2019\/04\/logo_fifty_bees_rvb_h200.png","width":284,"height":221,"caption":"Fifty Bees"},"image":{"@id":"https:\/\/fifty-bees.com\/es\/#\/schema\/logo\/image\/"},"sameAs":["https:\/\/www.linkedin.com\/company\/fiftybees\/"]}]}},"_links":{"self":[{"href":"https:\/\/fifty-bees.com\/es\/wp-json\/wp\/v2\/pages\/17601","targetHints":{"allow":["GET"]}}],"collection":[{"href":"https:\/\/fifty-bees.com\/es\/wp-json\/wp\/v2\/pages"}],"about":[{"href":"https:\/\/fifty-bees.com\/es\/wp-json\/wp\/v2\/types\/page"}],"author":[{"embeddable":true,"href":"https:\/\/fifty-bees.com\/es\/wp-json\/wp\/v2\/users\/3"}],"replies":[{"embeddable":true,"href":"https:\/\/fifty-bees.com\/es\/wp-json\/wp\/v2\/comments?post=17601"}],"version-history":[{"count":6,"href":"https:\/\/fifty-bees.com\/es\/wp-json\/wp\/v2\/pages\/17601\/revisions"}],"predecessor-version":[{"id":18888,"href":"https:\/\/fifty-bees.com\/es\/wp-json\/wp\/v2\/pages\/17601\/revisions\/18888"}],"wp:attachment":[{"href":"https:\/\/fifty-bees.com\/es\/wp-json\/wp\/v2\/media?parent=17601"}],"curies":[{"name":"wp","href":"https:\/\/api.w.org\/{rel}","templated":true}]}}