{"id":17583,"date":"2021-04-01T13:03:21","date_gmt":"2021-04-01T11:03:21","guid":{"rendered":"https:\/\/fifty-bees.com\/to-bee-or-not-to-bee\/"},"modified":"2024-03-12T16:21:19","modified_gmt":"2024-03-12T15:21:19","slug":"to-bee-or-not-to-bee","status":"publish","type":"page","link":"https:\/\/fifty-bees.com\/es\/to-bee-or-not-to-bee\/","title":{"rendered":"To Bee or not to Bee"},"content":{"rendered":"<div class=\"wpb-content-wrapper\"><p>[vc_row css_animation=\u00bb\u00bb row_type=\u00bbrow\u00bb use_row_as_full_screen_section=\u00bbno\u00bb type=\u00bbfull_width\u00bb angled_section=\u00bbno\u00bb text_align=\u00bbleft\u00bb background_image_as_pattern=\u00bbwithout_pattern\u00bb][vc_column][vc_separator type=\u00bbtransparent\u00bb][\/vc_column][\/vc_row][vc_row css_animation=\u00bb\u00bb row_type=\u00bbrow\u00bb use_row_as_full_screen_section=\u00bbno\u00bb type=\u00bbfull_width\u00bb angled_section=\u00bbno\u00bb text_align=\u00bbcenter\u00bb background_image_as_pattern=\u00bbwithout_pattern\u00bb z_index=\u00bb\u00bb css=\u00bb.vc_custom_1558947813582{padding-bottom: 60px !important;}\u00bb][vc_column width=\u00bb1\/12&#8243; offset=\u00bbvc_hidden-xs\u00bb][\/vc_column][vc_column width=\u00bb10\/12&#8243;][vc_column_text css=\u00bb.vc_custom_1558629258397{padding-right: 10% !important;padding-left: 10% !important;}\u00bb]<\/p>\n<h5 style=\"text-align: center;\">\u00ab Si hoy fuera el \u00faltimo d\u00eda de tu vida, \u00bfquerr\u00edas hacer lo que est\u00e1s haciendo hoy? \u00bb<\/h5>\n<p>[\/vc_column_text][vc_column_text css=\u00bb.vc_custom_1558820812292{padding-top: 12px !important;}\u00bb]<strong>STEVE JOBS<\/strong>,\u00a0<em>empresario, dise\u00f1ador e inventor estadounidense.<\/em>[\/vc_column_text][\/vc_column][vc_column width=\u00bb1\/12&#8243; offset=\u00bbvc_hidden-xs\u00bb][\/vc_column][\/vc_row][vc_row css_animation=\u00bb\u00bb row_type=\u00bbrow\u00bb use_row_as_full_screen_section=\u00bbyes\u00bb type=\u00bbgrid\u00bb angled_section=\u00bbno\u00bb text_align=\u00bbleft\u00bb background_image_as_pattern=\u00bbwithout_pattern\u00bb css=\u00bb.vc_custom_1558605297803{background-color: #203c5c !important;}\u00bb z_index=\u00bb\u00bb][vc_column width=\u00bb1\/6&#8243; el_class=\u00bbh1border\u00bb][vc_column_text]<\/p>\n<h1>To\u00a0Bee<br \/>\nor\u00a0not<br \/>\nto\u00a0Bee<\/h1>\n<p>[\/vc_column_text][\/vc_column][vc_column width=\u00bb5\/6&#8243;][vc_single_image image=\u00bb18527&#8243; img_size=\u00bbfull\u00bb qode_css_animation=\u00bbelement_from_right\u00bb][\/vc_column][\/vc_row][vc_row css_animation=\u00bb\u00bb row_type=\u00bbrow\u00bb use_row_as_full_screen_section=\u00bbno\u00bb type=\u00bbfull_width\u00bb angled_section=\u00bbno\u00bb text_align=\u00bbleft\u00bb background_image_as_pattern=\u00bbwithout_pattern\u00bb][vc_column][vc_separator type=\u00bbtransparent\u00bb down=\u00bb25&#8243;][\/vc_column][\/vc_row][vc_row css_animation=\u00bb\u00bb row_type=\u00bbrow\u00bb use_row_as_full_screen_section=\u00bbno\u00bb type=\u00bbgrid\u00bb angled_section=\u00bbno\u00bb text_align=\u00bbleft\u00bb background_image_as_pattern=\u00bbwithout_pattern\u00bb z_index=\u00bb\u00bb][vc_column width=\u00bb1\/6&#8243;][\/vc_column][vc_column width=\u00bb5\/6&#8243;][vc_column_text]<\/p>\n<h2>POR QU\u00c9 UNIRSE A NOSOTROS<\/h2>\n<p>[\/vc_column_text][vc_separator type=\u00bbsmall\u00bb position=\u00bbleft\u00bb color=\u00bb#203c5c\u00bb thickness=\u00bb4&#8243; width=\u00bb45&#8243; up=\u00bb7&#8243;][vc_column_text]<\/p>\n<h4>\u00ab Somos innovadores y modernos en la forma de hacer las cosas y en los objetivos que nos proponemos \u00bb <strong>(Catherine)<\/strong><\/h4>\n<h4>\u00ab En Fifty Bees, en casa, \u00a1es simplemente diferente! \u00bb <strong>(\u00c9ric)<\/strong><\/h4>\n<h4>\u00ab Sigo aprendiendo cosas cada d\u00eda \u00bb <strong>(Latifa)<\/strong><\/h4>\n<h4>\u00ab Somos felices en Fifty \u00bb <strong>(Am\u00e9lie)<\/strong><\/h4>\n<h4>\u00ab Los clientes son geniales y tienen un muy buen esp\u00edritu \u00bb <strong>(St\u00e9phanie)<\/strong><\/h4>\n<h4>\u00ab \u00ab\u00a1Es una empresa joven! Delphine desempolva la profesi\u00f3n y ni siquiera hablo de Jean Michard&#8230; \u00bb <strong>(Stacey)<\/strong><\/h4>\n<p>[\/vc_column_text][\/vc_column][\/vc_row][vc_row css_animation=\u00bb\u00bb row_type=\u00bbrow\u00bb use_row_as_full_screen_section=\u00bbno\u00bb type=\u00bbgrid\u00bb angled_section=\u00bbno\u00bb text_align=\u00bbleft\u00bb background_image_as_pattern=\u00bbwithout_pattern\u00bb z_index=\u00bb\u00bb][vc_column width=\u00bb1\/6&#8243;][\/vc_column][vc_column width=\u00bb5\/6&#8243;][vc_single_image image=\u00bb18569&#8243; img_size=\u00bbfull\u00bb qode_css_animation=\u00bb\u00bb css=\u00bb.vc_custom_1678379058907{padding-top: 15px !important;padding-bottom: 15px !important;}\u00bb][\/vc_column][\/vc_row][vc_row css_animation=\u00bb\u00bb row_type=\u00bbrow\u00bb use_row_as_full_screen_section=\u00bbno\u00bb type=\u00bbgrid\u00bb angled_section=\u00bbno\u00bb text_align=\u00bbleft\u00bb background_image_as_pattern=\u00bbwithout_pattern\u00bb z_index=\u00bb\u00bb][vc_column width=\u00bb1\/6&#8243;][\/vc_column][vc_column width=\u00bb5\/6&#8243;][vc_column_text css=\u00bb.vc_custom_1558629389091{padding-top: 10px !important;}\u00bb]<\/p>\n<h3><span style=\"color: #f27620;\">No lo decimos nosotros, sino nuestros equipos&#8230;<\/span><\/h3>\n<p>[\/vc_column_text][vc_separator type=\u00bbtransparent\u00bb down=\u00bb20&#8243;][\/vc_column][\/vc_row][vc_row css_animation=\u00bb\u00bb row_type=\u00bbrow\u00bb use_row_as_full_screen_section=\u00bbno\u00bb type=\u00bbgrid\u00bb angled_section=\u00bbno\u00bb text_align=\u00bbleft\u00bb background_image_as_pattern=\u00bbwithout_pattern\u00bb z_index=\u00bb\u00bb][vc_column width=\u00bb1\/6&#8243;][\/vc_column][vc_column width=\u00bb4\/6&#8243;][vc_column_text]<\/p>\n<h3>&gt; Tenemos mucho cuidado de que nuestros equipos experimenten algo \u00fanico:<\/h3>\n<p>[\/vc_column_text][vc_column_text css=\u00bb.vc_custom_1558629403995{padding-top: 12px !important;}\u00bb]<strong>\u2022 Nos comprometemos con cada uno de nuestros empleados.<\/strong>[\/vc_column_text][vc_column_text css=\u00bb.vc_custom_1559483068600{padding-top: 12px !important;}\u00bb]Fomentamos la <strong>iniciativa<\/strong>, <strong> confiamos<\/strong> en nuestros equipos, dejamos el campo abierto a la <strong>innovaci\u00f3n<\/strong>, mientras perdonamos los errores. \u00bfNuestra edad media? 35 a\u00f1os (\u00a1y muchas bajas por maternidad que gestionar!)[\/vc_column_text][vc_column_text css=\u00bb.vc_custom_1558629409406{padding-top: 12px !important;}\u00bb]<strong>\u2022 Nos comprometemos con los j\u00f3venes.<\/strong>[\/vc_column_text][vc_column_text css=\u00bb.vc_custom_1559483114019{padding-top: 12px !important;}\u00bb]Con el fin de ayudarles a conocer nuestras profesiones (que son incre\u00edbles, \u00a1no escuchen a los que hablan mal de ellas!) y de elegir su orientaci\u00f3n, a participar en la <strong>transmisi\u00f3n de conocimientos<\/strong>, a prepararles para el mundo empresarial y las <strong>profesiones del ma\u00f1ana<\/strong>\u2026 Tantas preguntas y desaf\u00edos que atraen a instructores, padres y profesionales que somos. <strong>Estrechamente con nuestros centros escolares asociados<\/strong>, participamos en el contenido pedag\u00f3gico de los cursos de formaci\u00f3n, formamos parte de los tribunales de examen, fomentamos la acogida y la <strong>formaci\u00f3n profesional<\/strong> de los j\u00f3venes en pr\u00e1cticas, en per\u00edodos de pr\u00e1cticas y de descubrimiento, as\u00ed como la formaci\u00f3n de los profesionales en reciclaje.[\/vc_column_text][\/vc_column][vc_column width=\u00bb1\/6&#8243;][\/vc_column][\/vc_row][vc_row css_animation=\u00bb\u00bb row_type=\u00bbrow\u00bb use_row_as_full_screen_section=\u00bbno\u00bb type=\u00bbgrid\u00bb angled_section=\u00bbno\u00bb text_align=\u00bbleft\u00bb background_image_as_pattern=\u00bbwithout_pattern\u00bb z_index=\u00bb\u00bb][vc_column width=\u00bb1\/6&#8243;][\/vc_column][vc_column width=\u00bb5\/6&#8243;][vc_separator type=\u00bbtransparent\u00bb][vc_gallery type=\u00bbimage_grid\u00bb images=\u00bb18541,18535,18538&#8243; img_size=\u00bbfull\u00bb css_animation=\u00bbfadeIn\u00bb column_number=\u00bb3&#8243; grayscale=\u00bbyes\u00bb images_space=\u00bbgallery_without_space\u00bb][vc_separator type=\u00bbtransparent\u00bb up=\u00bb30&#8243;][\/vc_column][\/vc_row][vc_row css_animation=\u00bb\u00bb row_type=\u00bbrow\u00bb use_row_as_full_screen_section=\u00bbno\u00bb type=\u00bbgrid\u00bb angled_section=\u00bbno\u00bb text_align=\u00bbleft\u00bb background_image_as_pattern=\u00bbwithout_pattern\u00bb z_index=\u00bb\u00bb][vc_column width=\u00bb1\/6&#8243;][\/vc_column][vc_column width=\u00bb2\/3&#8243; css=\u00bb.vc_custom_1558360621086{padding-top: 20px !important;}\u00bb][vc_column_text]<strong>\u2022 Nos comprometemos con la biodiversidad&#8230; y diversidad.<\/strong>[\/vc_column_text][vc_column_text css=\u00bb.vc_custom_1559483158847{padding-top: 12px !important;}\u00bb]Colmenas en la azotea&#8230; bastante l\u00f3gico cuando te llamas<em><strong> Fifty Bees<\/strong><\/em>, \u00bfno? Aparte del gui\u00f1o en referencia a nuestro nombre, estas colmenas instaladas en nuestra terraza nos recuerdan cada d\u00eda la importancia de <strong>nuestro compromiso con el medio ambiente<\/strong>. La reducci\u00f3n y clasificaci\u00f3n de los residuos, la vigilancia en el consumo de energ\u00eda, el desarrollo de la desmaterializaci\u00f3n de los documentos son proyectos a los que somos sensibles para reducir nuestra huella ecol\u00f3gica. Nuestras abejas tienen todas sus diferencias, sus particularidades. Una desventaja, a veces. <strong>Esto es lo que hace que nuestra colmena sea tan rica y estamos orgullosos de eso<\/strong>.[\/vc_column_text][vc_single_image image=\u00bb17627&#8243; img_size=\u00bbfull\u00bb qode_css_animation=\u00bb\u00bb css=\u00bb.vc_custom_1617277011576{padding-bottom: 12px !important;}\u00bb][\/vc_column][vc_column width=\u00bb1\/6&#8243;][\/vc_column][\/vc_row][vc_row css_animation=\u00bb\u00bb row_type=\u00bbrow\u00bb use_row_as_full_screen_section=\u00bbno\u00bb type=\u00bbgrid\u00bb angled_section=\u00bbno\u00bb text_align=\u00bbleft\u00bb background_image_as_pattern=\u00bbwithout_pattern\u00bb z_index=\u00bb\u00bb][vc_column width=\u00bb1\/6&#8243;][\/vc_column][vc_column width=\u00bb4\/6&#8243;][vc_column_text]<\/p>\n<h3><span style=\"color: #f27620;\">\u00bfQuieres experimentar Fifty Bees? <\/span><\/h3>\n<h4><span style=\"color: #f27620;\">\u00bfTe gustar\u00eda conocer a Stacey, Eric o Latifa?<\/span><\/h4>\n<p>[\/vc_column_text][vc_column_text css=\u00bb.vc_custom_1564551476655{padding-top: 12px !important;padding-bottom: 12px !important;}\u00bb]<\/p>\n<h4><span style=\"color: #f27620;\">Tu trayectoria, Tus valores, tu visi\u00f3n del trabajo: \u00a1d\u00ednos qui\u00e9n eres aqu\u00ed! <\/span><\/h4>\n<p>[\/vc_column_text][vc_separator type=\u00bbtransparent\u00bb down=\u00bb25&#8243;][\/vc_column][vc_column width=\u00bb1\/6&#8243;][\/vc_column][\/vc_row][vc_row css_animation=\u00bb\u00bb row_type=\u00bbrow\u00bb use_row_as_full_screen_section=\u00bbno\u00bb type=\u00bbgrid\u00bb angled_section=\u00bbno\u00bb text_align=\u00bbleft\u00bb background_image_as_pattern=\u00bbwithout_pattern\u00bb z_index=\u00bb\u00bb][vc_column width=\u00bb1\/6&#8243;][\/vc_column][vc_column width=\u00bb2\/3&#8243; css=\u00bb.vc_custom_1559746030588{background-color: #e6e6e6 !important;}\u00bb el_class=\u00bbfiftyform\u00bb]\n<div class=\"wpcf7 no-js\" id=\"wpcf7-f17643-o1\" lang=\"fr-FR\" dir=\"ltr\" data-wpcf7-id=\"17643\">\n<div class=\"screen-reader-response\"><p role=\"status\" aria-live=\"polite\" aria-atomic=\"true\"><\/p> <ul><\/ul><\/div>\n<form action=\"\/es\/wp-json\/wp\/v2\/pages\/17583#wpcf7-f17643-o1\" method=\"post\" class=\"wpcf7-form init cf7_custom_style_1\" aria-label=\"Formulaire de contact\" enctype=\"multipart\/form-data\" novalidate=\"novalidate\" data-status=\"init\">\n<fieldset class=\"hidden-fields-container\"><input type=\"hidden\" name=\"_wpcf7\" value=\"17643\" \/><input type=\"hidden\" name=\"_wpcf7_version\" value=\"6.1.1\" \/><input type=\"hidden\" name=\"_wpcf7_locale\" value=\"fr_FR\" \/><input type=\"hidden\" name=\"_wpcf7_unit_tag\" value=\"wpcf7-f17643-o1\" \/><input type=\"hidden\" name=\"_wpcf7_container_post\" value=\"0\" \/><input type=\"hidden\" name=\"_wpcf7_posted_data_hash\" value=\"\" \/><input type=\"hidden\" name=\"_wpcf7_recaptcha_response\" value=\"\" \/>\n<\/fieldset>\n<p><label> Apellido<br \/>\n<span class=\"wpcf7-form-control-wrap\" data-name=\"your-name\"><input size=\"40\" maxlength=\"400\" class=\"wpcf7-form-control wpcf7-text wpcf7-validates-as-required\" aria-required=\"true\" aria-invalid=\"false\" placeholder=\"obligatorio\" value=\"\" type=\"text\" name=\"your-name\" \/><\/span><\/label><br \/>\n<label> Nombre<br \/>\n<span class=\"wpcf7-form-control-wrap\" data-name=\"your-firstname\"><input size=\"40\" maxlength=\"400\" class=\"wpcf7-form-control wpcf7-text wpcf7-validates-as-required\" aria-required=\"true\" aria-invalid=\"false\" placeholder=\"obligatorio\" value=\"\" type=\"text\" name=\"your-firstname\" \/><\/span><\/label><br \/>\n<label>Tel.<br \/>\n<span class=\"wpcf7-form-control-wrap\" data-name=\"your-phone\"><input size=\"40\" maxlength=\"400\" class=\"wpcf7-form-control wpcf7-text\" aria-invalid=\"false\" value=\"\" type=\"text\" name=\"your-phone\" \/><\/span><\/label><br \/>\n<label> Correo electr\u00f3nico<br \/>\n<span class=\"wpcf7-form-control-wrap\" data-name=\"your-email\"><input size=\"40\" maxlength=\"400\" class=\"wpcf7-form-control wpcf7-email wpcf7-validates-as-required wpcf7-text wpcf7-validates-as-email\" aria-required=\"true\" aria-invalid=\"false\" placeholder=\"obligatorio\" value=\"\" type=\"email\" name=\"your-email\" \/><\/span> <\/label><br \/>\n<label> \u00bfCU\u00c1L DE SUS TALENTOS TE GUSTAR\u00cdA PROMOVER?<br \/>\n<span class=\"wpcf7-form-control-wrap\" data-name=\"your-talents\"><textarea cols=\"40\" rows=\"10\" maxlength=\"2000\" class=\"wpcf7-form-control wpcf7-textarea\" aria-invalid=\"false\" name=\"your-talents\"><\/textarea><\/span> <\/label><br \/>\n<label> \u00bfCU\u00c1L ES, SEG\u00daN TI, EL ENTORNO DE TRABAJO IDEAL?<br \/>\n<span class=\"wpcf7-form-control-wrap\" data-name=\"your-environment\"><textarea cols=\"40\" rows=\"10\" maxlength=\"2000\" class=\"wpcf7-form-control wpcf7-textarea\" aria-invalid=\"false\" name=\"your-environment\"><\/textarea><\/span> <\/label><br \/>\n<label> \u00bfQU\u00c9 CONCLUSI\u00d3N (POSITIVA Y NEGATIVA) SACAS DE TU \u00daLTIMA O ACTUAL POSICI\u00d3N?<br \/>\n<span class=\"wpcf7-form-control-wrap\" data-name=\"your-job\"><textarea cols=\"40\" rows=\"10\" maxlength=\"2000\" class=\"wpcf7-form-control wpcf7-textarea\" aria-invalid=\"false\" name=\"your-job\"><\/textarea><\/span> <\/label><br \/>\n<label> \u00bfQU\u00c9 VALORES TE INSPIRAN?<br \/>\n<span class=\"wpcf7-form-control-wrap\" data-name=\"your-values\"><textarea cols=\"40\" rows=\"10\" maxlength=\"2000\" class=\"wpcf7-form-control wpcf7-textarea\" aria-invalid=\"false\" name=\"your-values\"><\/textarea><\/span> <\/label>\n<\/p>\n<p><label> YA PUEDES ADJUNTAR TU CURRICULUM A LA SOLICITUD (pdf, max 3 Mb)<br \/>\n<span class=\"wpcf7-form-control-wrap\" data-name=\"fichier-cv\"><input size=\"40\" class=\"wpcf7-form-control wpcf7-file wpcf7-validates-as-required\" accept=\".pdf\" aria-required=\"true\" aria-invalid=\"false\" type=\"file\" name=\"fichier-cv\" \/><\/span><\/label>\n<\/p>\n<p><input class=\"wpcf7-form-control wpcf7-submit has-spinner\" type=\"submit\" value=\"ENVIAR\" \/>\n<\/p><div class=\"wpcf7-response-output\" aria-hidden=\"true\"><\/div>\n<\/form>\n<\/div>\n[\/vc_column][vc_column width=\u00bb1\/6&#8243;][\/vc_column][\/vc_row][vc_row css_animation=\u00bb\u00bb row_type=\u00bbrow\u00bb use_row_as_full_screen_section=\u00bbno\u00bb type=\u00bbfull_width\u00bb angled_section=\u00bbno\u00bb text_align=\u00bbleft\u00bb background_image_as_pattern=\u00bbwithout_pattern\u00bb][vc_column][vc_separator type=\u00bbtransparent\u00bb down=\u00bb25&#8243;][\/vc_column][\/vc_row]<\/p>\n<\/div>","protected":false},"excerpt":{"rendered":"<p>[vc_row css_animation=\u00bb\u00bb row_type=\u00bbrow\u00bb use_row_as_full_screen_section=\u00bbno\u00bb type=\u00bbfull_width\u00bb angled_section=\u00bbno\u00bb text_align=\u00bbleft\u00bb background_image_as_pattern=\u00bbwithout_pattern\u00bb][vc_column][vc_separator type=\u00bbtransparent\u00bb][\/vc_column][\/vc_row][vc_row css_animation=\u00bb\u00bb row_type=\u00bbrow\u00bb use_row_as_full_screen_section=\u00bbno\u00bb type=\u00bbfull_width\u00bb angled_section=\u00bbno\u00bb text_align=\u00bbcenter\u00bb background_image_as_pattern=\u00bbwithout_pattern\u00bb z_index=\u00bb\u00bb css=\u00bb.vc_custom_1558947813582{padding-bottom: 60px !important;}\u00bb][vc_column width=\u00bb1\/12&#8243; offset=\u00bbvc_hidden-xs\u00bb][\/vc_column][vc_column width=\u00bb10\/12&#8243;][vc_column_text css=\u00bb.vc_custom_1558629258397{padding-right: 10% !important;padding-left: 10% !important;}\u00bb] \u00ab Si hoy fuera el \u00faltimo d\u00eda de tu vida, \u00bfquerr\u00edas hacer lo que est\u00e1s haciendo hoy?&#8230;<\/p>\n","protected":false},"author":3,"featured_media":0,"parent":0,"menu_order":0,"comment_status":"closed","ping_status":"closed","template":"full_width.php","meta":{"footnotes":""},"class_list":["post-17583","page","type-page","status-publish","hentry"],"yoast_head":"<!-- This site is optimized with the Yoast SEO plugin v25.7 - https:\/\/yoast.com\/wordpress\/plugins\/seo\/ -->\n<title>To Bee or not to Bee - Fifty Bees<\/title>\n<meta name=\"description\" content=\"\u00bfPor qu\u00e9 unirte a nosotros? Estamos comprometidos con nuestros empleados, los j\u00f3venes y la diversidad: \u00a1descubre c\u00f3mo!\" \/>\n<meta name=\"robots\" content=\"index, follow, max-snippet:-1, max-image-preview:large, max-video-preview:-1\" \/>\n<link rel=\"canonical\" href=\"https:\/\/fifty-bees.com\/es\/to-bee-or-not-to-bee\/\" \/>\n<meta property=\"og:locale\" content=\"es_ES\" \/>\n<meta property=\"og:type\" content=\"article\" \/>\n<meta property=\"og:title\" content=\"To Bee or not to Bee - Fifty Bees\" \/>\n<meta property=\"og:description\" content=\"\u00bfPor qu\u00e9 unirte a nosotros? Estamos comprometidos con nuestros empleados, los j\u00f3venes y la diversidad: \u00a1descubre c\u00f3mo!\" \/>\n<meta property=\"og:url\" content=\"https:\/\/fifty-bees.com\/es\/to-bee-or-not-to-bee\/\" \/>\n<meta property=\"og:site_name\" content=\"Fifty Bees\" \/>\n<meta property=\"article:modified_time\" content=\"2024-03-12T15:21:19+00:00\" \/>\n<meta name=\"twitter:card\" content=\"summary_large_image\" \/>\n<meta name=\"twitter:label1\" content=\"Tiempo de lectura\" \/>\n\t<meta name=\"twitter:data1\" content=\"5 minutos\" \/>\n<script type=\"application\/ld+json\" class=\"yoast-schema-graph\">{\"@context\":\"https:\/\/schema.org\",\"@graph\":[{\"@type\":\"WebPage\",\"@id\":\"https:\/\/fifty-bees.com\/es\/to-bee-or-not-to-bee\/\",\"url\":\"https:\/\/fifty-bees.com\/es\/to-bee-or-not-to-bee\/\",\"name\":\"To Bee or not to Bee - Fifty Bees\",\"isPartOf\":{\"@id\":\"https:\/\/fifty-bees.com\/es\/#website\"},\"datePublished\":\"2021-04-01T11:03:21+00:00\",\"dateModified\":\"2024-03-12T15:21:19+00:00\",\"description\":\"\u00bfPor qu\u00e9 unirte a nosotros? Estamos comprometidos con nuestros empleados, los j\u00f3venes y la diversidad: \u00a1descubre c\u00f3mo!\",\"breadcrumb\":{\"@id\":\"https:\/\/fifty-bees.com\/es\/to-bee-or-not-to-bee\/#breadcrumb\"},\"inLanguage\":\"es\",\"potentialAction\":[{\"@type\":\"ReadAction\",\"target\":[\"https:\/\/fifty-bees.com\/es\/to-bee-or-not-to-bee\/\"]}]},{\"@type\":\"BreadcrumbList\",\"@id\":\"https:\/\/fifty-bees.com\/es\/to-bee-or-not-to-bee\/#breadcrumb\",\"itemListElement\":[{\"@type\":\"ListItem\",\"position\":1,\"name\":\"Accueil\",\"item\":\"https:\/\/fifty-bees.com\/es\/\"},{\"@type\":\"ListItem\",\"position\":2,\"name\":\"To Bee or not to Bee\"}]},{\"@type\":\"WebSite\",\"@id\":\"https:\/\/fifty-bees.com\/es\/#website\",\"url\":\"https:\/\/fifty-bees.com\/es\/\",\"name\":\"Fifty Bees\",\"description\":\"\",\"publisher\":{\"@id\":\"https:\/\/fifty-bees.com\/es\/#organization\"},\"potentialAction\":[{\"@type\":\"SearchAction\",\"target\":{\"@type\":\"EntryPoint\",\"urlTemplate\":\"https:\/\/fifty-bees.com\/es\/?s={search_term_string}\"},\"query-input\":{\"@type\":\"PropertyValueSpecification\",\"valueRequired\":true,\"valueName\":\"search_term_string\"}}],\"inLanguage\":\"es\"},{\"@type\":\"Organization\",\"@id\":\"https:\/\/fifty-bees.com\/es\/#organization\",\"name\":\"Fifty Bees\",\"url\":\"https:\/\/fifty-bees.com\/es\/\",\"logo\":{\"@type\":\"ImageObject\",\"inLanguage\":\"es\",\"@id\":\"https:\/\/fifty-bees.com\/es\/#\/schema\/logo\/image\/\",\"url\":\"https:\/\/fifty-bees.com\/wp-content\/uploads\/2019\/04\/logo_fifty_bees_rvb_h200.png\",\"contentUrl\":\"https:\/\/fifty-bees.com\/wp-content\/uploads\/2019\/04\/logo_fifty_bees_rvb_h200.png\",\"width\":284,\"height\":221,\"caption\":\"Fifty Bees\"},\"image\":{\"@id\":\"https:\/\/fifty-bees.com\/es\/#\/schema\/logo\/image\/\"},\"sameAs\":[\"https:\/\/www.linkedin.com\/company\/fiftybees\/\"]}]}<\/script>\n<!-- \/ Yoast SEO plugin. -->","yoast_head_json":{"title":"To Bee or not to Bee - Fifty Bees","description":"\u00bfPor qu\u00e9 unirte a nosotros? Estamos comprometidos con nuestros empleados, los j\u00f3venes y la diversidad: \u00a1descubre c\u00f3mo!","robots":{"index":"index","follow":"follow","max-snippet":"max-snippet:-1","max-image-preview":"max-image-preview:large","max-video-preview":"max-video-preview:-1"},"canonical":"https:\/\/fifty-bees.com\/es\/to-bee-or-not-to-bee\/","og_locale":"es_ES","og_type":"article","og_title":"To Bee or not to Bee - Fifty Bees","og_description":"\u00bfPor qu\u00e9 unirte a nosotros? Estamos comprometidos con nuestros empleados, los j\u00f3venes y la diversidad: \u00a1descubre c\u00f3mo!","og_url":"https:\/\/fifty-bees.com\/es\/to-bee-or-not-to-bee\/","og_site_name":"Fifty Bees","article_modified_time":"2024-03-12T15:21:19+00:00","twitter_card":"summary_large_image","twitter_misc":{"Tiempo de lectura":"5 minutos"},"schema":{"@context":"https:\/\/schema.org","@graph":[{"@type":"WebPage","@id":"https:\/\/fifty-bees.com\/es\/to-bee-or-not-to-bee\/","url":"https:\/\/fifty-bees.com\/es\/to-bee-or-not-to-bee\/","name":"To Bee or not to Bee - Fifty Bees","isPartOf":{"@id":"https:\/\/fifty-bees.com\/es\/#website"},"datePublished":"2021-04-01T11:03:21+00:00","dateModified":"2024-03-12T15:21:19+00:00","description":"\u00bfPor qu\u00e9 unirte a nosotros? Estamos comprometidos con nuestros empleados, los j\u00f3venes y la diversidad: \u00a1descubre c\u00f3mo!","breadcrumb":{"@id":"https:\/\/fifty-bees.com\/es\/to-bee-or-not-to-bee\/#breadcrumb"},"inLanguage":"es","potentialAction":[{"@type":"ReadAction","target":["https:\/\/fifty-bees.com\/es\/to-bee-or-not-to-bee\/"]}]},{"@type":"BreadcrumbList","@id":"https:\/\/fifty-bees.com\/es\/to-bee-or-not-to-bee\/#breadcrumb","itemListElement":[{"@type":"ListItem","position":1,"name":"Accueil","item":"https:\/\/fifty-bees.com\/es\/"},{"@type":"ListItem","position":2,"name":"To Bee or not to Bee"}]},{"@type":"WebSite","@id":"https:\/\/fifty-bees.com\/es\/#website","url":"https:\/\/fifty-bees.com\/es\/","name":"Fifty Bees","description":"","publisher":{"@id":"https:\/\/fifty-bees.com\/es\/#organization"},"potentialAction":[{"@type":"SearchAction","target":{"@type":"EntryPoint","urlTemplate":"https:\/\/fifty-bees.com\/es\/?s={search_term_string}"},"query-input":{"@type":"PropertyValueSpecification","valueRequired":true,"valueName":"search_term_string"}}],"inLanguage":"es"},{"@type":"Organization","@id":"https:\/\/fifty-bees.com\/es\/#organization","name":"Fifty Bees","url":"https:\/\/fifty-bees.com\/es\/","logo":{"@type":"ImageObject","inLanguage":"es","@id":"https:\/\/fifty-bees.com\/es\/#\/schema\/logo\/image\/","url":"https:\/\/fifty-bees.com\/wp-content\/uploads\/2019\/04\/logo_fifty_bees_rvb_h200.png","contentUrl":"https:\/\/fifty-bees.com\/wp-content\/uploads\/2019\/04\/logo_fifty_bees_rvb_h200.png","width":284,"height":221,"caption":"Fifty Bees"},"image":{"@id":"https:\/\/fifty-bees.com\/es\/#\/schema\/logo\/image\/"},"sameAs":["https:\/\/www.linkedin.com\/company\/fiftybees\/"]}]}},"_links":{"self":[{"href":"https:\/\/fifty-bees.com\/es\/wp-json\/wp\/v2\/pages\/17583","targetHints":{"allow":["GET"]}}],"collection":[{"href":"https:\/\/fifty-bees.com\/es\/wp-json\/wp\/v2\/pages"}],"about":[{"href":"https:\/\/fifty-bees.com\/es\/wp-json\/wp\/v2\/types\/page"}],"author":[{"embeddable":true,"href":"https:\/\/fifty-bees.com\/es\/wp-json\/wp\/v2\/users\/3"}],"replies":[{"embeddable":true,"href":"https:\/\/fifty-bees.com\/es\/wp-json\/wp\/v2\/comments?post=17583"}],"version-history":[{"count":9,"href":"https:\/\/fifty-bees.com\/es\/wp-json\/wp\/v2\/pages\/17583\/revisions"}],"predecessor-version":[{"id":18912,"href":"https:\/\/fifty-bees.com\/es\/wp-json\/wp\/v2\/pages\/17583\/revisions\/18912"}],"wp:attachment":[{"href":"https:\/\/fifty-bees.com\/es\/wp-json\/wp\/v2\/media?parent=17583"}],"curies":[{"name":"wp","href":"https:\/\/api.w.org\/{rel}","templated":true}]}}