{"id":17565,"date":"2021-04-01T12:52:29","date_gmt":"2021-04-01T10:52:29","guid":{"rendered":"https:\/\/fifty-bees.com\/more-bees\/"},"modified":"2021-04-13T17:27:40","modified_gmt":"2021-04-13T15:27:40","slug":"more-bees","status":"publish","type":"page","link":"https:\/\/fifty-bees.com\/es\/more-bees\/","title":{"rendered":"More Bees"},"content":{"rendered":"<div class=\"wpb-content-wrapper\"><p>[vc_row css_animation=\u00bb\u00bb row_type=\u00bbrow\u00bb use_row_as_full_screen_section=\u00bbno\u00bb type=\u00bbfull_width\u00bb angled_section=\u00bbno\u00bb text_align=\u00bbleft\u00bb background_image_as_pattern=\u00bbwithout_pattern\u00bb][vc_column][vc_separator type=\u00bbtransparent\u00bb][\/vc_column][\/vc_row][vc_row css_animation=\u00bb\u00bb row_type=\u00bbrow\u00bb use_row_as_full_screen_section=\u00bbno\u00bb type=\u00bbfull_width\u00bb angled_section=\u00bbno\u00bb text_align=\u00bbcenter\u00bb background_image_as_pattern=\u00bbwithout_pattern\u00bb z_index=\u00bb\u00bb css=\u00bb.vc_custom_1558948277459{padding-bottom: 60px !important;}\u00bb][vc_column width=\u00bb1\/12&#8243; offset=\u00bbvc_hidden-xs\u00bb][\/vc_column][vc_column width=\u00bb10\/12&#8243;][vc_column_text css=\u00bb.vc_custom_1558629757575{padding-right: 10% !important;padding-left: 10% !important;}\u00bb]<\/p>\n<h5 style=\"text-align: center;\">\u00ab Abeja: peque\u00f1o insecto capaz de hacer del cielo. \u00bb<\/h5>\n<p>[\/vc_column_text][vc_column_text css=\u00bb.vc_custom_1559138011164{padding-top: 12px !important;}\u00bb]<strong>PIERRE ELIE FERRIER, HABITUALMENTE APODADO PEF<\/strong>,\u00a0<em>actor, director de cine y teatro franc\u00e9s<\/em>[\/vc_column_text][\/vc_column][vc_column width=\u00bb1\/12&#8243; offset=\u00bbvc_hidden-xs\u00bb][\/vc_column][\/vc_row][vc_row css_animation=\u00bb\u00bb row_type=\u00bbrow\u00bb use_row_as_full_screen_section=\u00bbyes\u00bb type=\u00bbgrid\u00bb angled_section=\u00bbno\u00bb text_align=\u00bbleft\u00bb background_image_as_pattern=\u00bbwithout_pattern\u00bb css=\u00bb.vc_custom_1558605535651{background-color: #203c5c !important;}\u00bb z_index=\u00bb\u00bb][vc_column width=\u00bb1\/6&#8243; offset=\u00bbvc_col-sm-offset-0&#8243; el_class=\u00bbh1border\u00bb][vc_column_text]<\/p>\n<h1>More<br \/>\nBees<\/h1>\n<p>[\/vc_column_text][\/vc_column][vc_column width=\u00bb5\/6&#8243;][vc_single_image image=\u00bb17578&#8243; img_size=\u00bbfull\u00bb qode_css_animation=\u00bbelement_from_right\u00bb transition_delay=\u00bb0.3&#8243;][\/vc_column][\/vc_row][vc_row css_animation=\u00bb\u00bb row_type=\u00bbrow\u00bb use_row_as_full_screen_section=\u00bbno\u00bb type=\u00bbfull_width\u00bb angled_section=\u00bbno\u00bb text_align=\u00bbleft\u00bb background_image_as_pattern=\u00bbwithout_pattern\u00bb][vc_column][vc_separator type=\u00bbtransparent\u00bb down=\u00bb25&#8243;][\/vc_column][\/vc_row][vc_row css_animation=\u00bb\u00bb row_type=\u00bbrow\u00bb use_row_as_full_screen_section=\u00bbno\u00bb type=\u00bbgrid\u00bb angled_section=\u00bbno\u00bb text_align=\u00bbleft\u00bb background_image_as_pattern=\u00bbwithout_pattern\u00bb z_index=\u00bb\u00bb][vc_column width=\u00bb1\/6&#8243;][\/vc_column][vc_column width=\u00bb5\/6&#8243;][vc_column_text]<\/p>\n<h2>SUE\u00d1AS CON ESO:<\/h2>\n<p>[\/vc_column_text][vc_separator type=\u00bbsmall\u00bb position=\u00bbleft\u00bb color=\u00bb#203c5c\u00bb thickness=\u00bb4&#8243; width=\u00bb45&#8243; up=\u00bb7&#8243;][vc_column_text]<\/p>\n<h4>Reflexionar sobre tu imagen, tu comunicaci\u00f3n, montar un evento, una reuni\u00f3n, con toda confianza, sin tener que consultar al planeta..<\/h4>\n<p>[\/vc_column_text][vc_column_text css=\u00bb.vc_custom_1559030808005{padding-top: 10px !important;}\u00bb]<\/p>\n<h3>Lo hemos conseguido:<a href=\"http:\/\/blue-bees.fr\/es\" target=\"_blank\" rel=\"noopener noreferrer\">\u00a1Blue Bees<\/a> y <a href=\"http:\/\/theplaceto-bees.com\/es\" target=\"_blank\" rel=\"noopener noreferrer\">The Place to Bees<\/a> est\u00e1n ah\u00ed para ti!<\/h3>\n<p>[\/vc_column_text][vc_separator type=\u00bbtransparent\u00bb down=\u00bb20&#8243;][\/vc_column][\/vc_row][vc_row css_animation=\u00bb\u00bb row_type=\u00bbrow\u00bb use_row_as_full_screen_section=\u00bbno\u00bb type=\u00bbfull_width\u00bb angled_section=\u00bbno\u00bb text_align=\u00bbleft\u00bb background_image_as_pattern=\u00bbwithout_pattern\u00bb][vc_column][vc_separator type=\u00bbtransparent\u00bb down=\u00bb40&#8243;][\/vc_column][\/vc_row][vc_row css_animation=\u00bb\u00bb row_type=\u00bbrow\u00bb use_row_as_full_screen_section=\u00bbno\u00bb type=\u00bbgrid\u00bb angled_section=\u00bbno\u00bb text_align=\u00bbleft\u00bb background_image_as_pattern=\u00bbwithout_pattern\u00bb z_index=\u00bb\u00bb][vc_column width=\u00bb1\/3&#8243;][vc_single_image image=\u00bb17632&#8243; img_size=\u00bbfull\u00bb qode_css_animation=\u00bb\u00bb css=\u00bb.vc_custom_1617722980114{padding-top: 35% !important;padding-bottom: 10% !important;}\u00bb][\/vc_column][vc_column width=\u00bb2\/3&#8243;][vc_single_image image=\u00bb17580&#8243; img_size=\u00bbfull\u00bb onclick=\u00bbcustom_link\u00bb img_link_target=\u00bb_blank\u00bb qode_css_animation=\u00bb\u00bb css=\u00bb.vc_custom_1558912519191{padding-bottom: 60px !important;}\u00bb link=\u00bbhttp:\/\/theplaceto-bees.com\u00bb][vc_separator type=\u00bbsmall\u00bb position=\u00bbleft\u00bb width_in_percentages=\u00bbyes\u00bb color=\u00bb#203c5c\u00bb thickness=\u00bb4&#8243; up=\u00bb20&#8243; down=\u00bb15&#8243; width=\u00bb35&#8243;][vc_single_image image=\u00bb17581&#8243; img_size=\u00bbfull\u00bb onclick=\u00bbcustom_link\u00bb img_link_target=\u00bb_blank\u00bb qode_css_animation=\u00bb\u00bb css=\u00bb.vc_custom_1558912535153{padding-top: 50px !important;}\u00bb link=\u00bbhttp:\/\/blue-bees.fr\u00bb][\/vc_column][\/vc_row][vc_row css_animation=\u00bb\u00bb row_type=\u00bbrow\u00bb use_row_as_full_screen_section=\u00bbno\u00bb type=\u00bbfull_width\u00bb angled_section=\u00bbno\u00bb text_align=\u00bbleft\u00bb background_image_as_pattern=\u00bbwithout_pattern\u00bb][vc_column][vc_separator type=\u00bbtransparent\u00bb down=\u00bb60&#8243;][\/vc_column][\/vc_row]<\/p>\n<\/div>","protected":false},"excerpt":{"rendered":"<p>[vc_row css_animation=\u00bb\u00bb row_type=\u00bbrow\u00bb use_row_as_full_screen_section=\u00bbno\u00bb type=\u00bbfull_width\u00bb angled_section=\u00bbno\u00bb text_align=\u00bbleft\u00bb background_image_as_pattern=\u00bbwithout_pattern\u00bb][vc_column][vc_separator type=\u00bbtransparent\u00bb][\/vc_column][\/vc_row][vc_row css_animation=\u00bb\u00bb row_type=\u00bbrow\u00bb use_row_as_full_screen_section=\u00bbno\u00bb type=\u00bbfull_width\u00bb angled_section=\u00bbno\u00bb text_align=\u00bbcenter\u00bb background_image_as_pattern=\u00bbwithout_pattern\u00bb z_index=\u00bb\u00bb css=\u00bb.vc_custom_1558948277459{padding-bottom: 60px !important;}\u00bb][vc_column width=\u00bb1\/12&#8243; offset=\u00bbvc_hidden-xs\u00bb][\/vc_column][vc_column width=\u00bb10\/12&#8243;][vc_column_text css=\u00bb.vc_custom_1558629757575{padding-right: 10% !important;padding-left: 10% !important;}\u00bb] \u00ab Abeja: peque\u00f1o insecto capaz de hacer del cielo. \u00bb [\/vc_column_text][vc_column_text css=\u00bb.vc_custom_1559138011164{padding-top: 12px !important;}\u00bb]PIERRE ELIE FERRIER, HABITUALMENTE&#8230;<\/p>\n","protected":false},"author":3,"featured_media":0,"parent":0,"menu_order":0,"comment_status":"closed","ping_status":"closed","template":"full_width.php","meta":{"footnotes":""},"class_list":["post-17565","page","type-page","status-publish","hentry"],"yoast_head":"<!-- This site is optimized with the Yoast SEO plugin v25.7 - https:\/\/yoast.com\/wordpress\/plugins\/seo\/ -->\n<title>More Bees - Fifty Bees<\/title>\n<meta name=\"description\" content=\"\u00bfPensando en tu com o en la organizaci\u00f3n de un evento sin tener que consultar al planeta? Blue Bees y The Place to Bees est\u00e1n aqu\u00ed para tu.\" \/>\n<meta name=\"robots\" content=\"index, follow, max-snippet:-1, max-image-preview:large, max-video-preview:-1\" \/>\n<link rel=\"canonical\" href=\"https:\/\/fifty-bees.com\/es\/more-bees\/\" \/>\n<meta property=\"og:locale\" content=\"es_ES\" \/>\n<meta property=\"og:type\" content=\"article\" \/>\n<meta property=\"og:title\" content=\"More Bees - Fifty Bees\" \/>\n<meta property=\"og:description\" content=\"\u00bfPensando en tu com o en la organizaci\u00f3n de un evento sin tener que consultar al planeta? Blue Bees y The Place to Bees est\u00e1n aqu\u00ed para tu.\" \/>\n<meta property=\"og:url\" content=\"https:\/\/fifty-bees.com\/es\/more-bees\/\" \/>\n<meta property=\"og:site_name\" content=\"Fifty Bees\" \/>\n<meta property=\"article:modified_time\" content=\"2021-04-13T15:27:40+00:00\" \/>\n<meta name=\"twitter:card\" content=\"summary_large_image\" \/>\n<meta name=\"twitter:label1\" content=\"Tiempo de lectura\" \/>\n\t<meta name=\"twitter:data1\" content=\"3 minutos\" \/>\n<script type=\"application\/ld+json\" class=\"yoast-schema-graph\">{\"@context\":\"https:\/\/schema.org\",\"@graph\":[{\"@type\":\"WebPage\",\"@id\":\"https:\/\/fifty-bees.com\/es\/more-bees\/\",\"url\":\"https:\/\/fifty-bees.com\/es\/more-bees\/\",\"name\":\"More Bees - Fifty Bees\",\"isPartOf\":{\"@id\":\"https:\/\/fifty-bees.com\/es\/#website\"},\"datePublished\":\"2021-04-01T10:52:29+00:00\",\"dateModified\":\"2021-04-13T15:27:40+00:00\",\"description\":\"\u00bfPensando en tu com o en la organizaci\u00f3n de un evento sin tener que consultar al planeta? Blue Bees y The Place to Bees est\u00e1n aqu\u00ed para tu.\",\"breadcrumb\":{\"@id\":\"https:\/\/fifty-bees.com\/es\/more-bees\/#breadcrumb\"},\"inLanguage\":\"es\",\"potentialAction\":[{\"@type\":\"ReadAction\",\"target\":[\"https:\/\/fifty-bees.com\/es\/more-bees\/\"]}]},{\"@type\":\"BreadcrumbList\",\"@id\":\"https:\/\/fifty-bees.com\/es\/more-bees\/#breadcrumb\",\"itemListElement\":[{\"@type\":\"ListItem\",\"position\":1,\"name\":\"Accueil\",\"item\":\"https:\/\/fifty-bees.com\/es\/\"},{\"@type\":\"ListItem\",\"position\":2,\"name\":\"More Bees\"}]},{\"@type\":\"WebSite\",\"@id\":\"https:\/\/fifty-bees.com\/es\/#website\",\"url\":\"https:\/\/fifty-bees.com\/es\/\",\"name\":\"Fifty Bees\",\"description\":\"\",\"publisher\":{\"@id\":\"https:\/\/fifty-bees.com\/es\/#organization\"},\"potentialAction\":[{\"@type\":\"SearchAction\",\"target\":{\"@type\":\"EntryPoint\",\"urlTemplate\":\"https:\/\/fifty-bees.com\/es\/?s={search_term_string}\"},\"query-input\":{\"@type\":\"PropertyValueSpecification\",\"valueRequired\":true,\"valueName\":\"search_term_string\"}}],\"inLanguage\":\"es\"},{\"@type\":\"Organization\",\"@id\":\"https:\/\/fifty-bees.com\/es\/#organization\",\"name\":\"Fifty Bees\",\"url\":\"https:\/\/fifty-bees.com\/es\/\",\"logo\":{\"@type\":\"ImageObject\",\"inLanguage\":\"es\",\"@id\":\"https:\/\/fifty-bees.com\/es\/#\/schema\/logo\/image\/\",\"url\":\"https:\/\/fifty-bees.com\/wp-content\/uploads\/2019\/04\/logo_fifty_bees_rvb_h200.png\",\"contentUrl\":\"https:\/\/fifty-bees.com\/wp-content\/uploads\/2019\/04\/logo_fifty_bees_rvb_h200.png\",\"width\":284,\"height\":221,\"caption\":\"Fifty Bees\"},\"image\":{\"@id\":\"https:\/\/fifty-bees.com\/es\/#\/schema\/logo\/image\/\"},\"sameAs\":[\"https:\/\/www.linkedin.com\/company\/fiftybees\/\"]}]}<\/script>\n<!-- \/ Yoast SEO plugin. -->","yoast_head_json":{"title":"More Bees - Fifty Bees","description":"\u00bfPensando en tu com o en la organizaci\u00f3n de un evento sin tener que consultar al planeta? Blue Bees y The Place to Bees est\u00e1n aqu\u00ed para tu.","robots":{"index":"index","follow":"follow","max-snippet":"max-snippet:-1","max-image-preview":"max-image-preview:large","max-video-preview":"max-video-preview:-1"},"canonical":"https:\/\/fifty-bees.com\/es\/more-bees\/","og_locale":"es_ES","og_type":"article","og_title":"More Bees - Fifty Bees","og_description":"\u00bfPensando en tu com o en la organizaci\u00f3n de un evento sin tener que consultar al planeta? Blue Bees y The Place to Bees est\u00e1n aqu\u00ed para tu.","og_url":"https:\/\/fifty-bees.com\/es\/more-bees\/","og_site_name":"Fifty Bees","article_modified_time":"2021-04-13T15:27:40+00:00","twitter_card":"summary_large_image","twitter_misc":{"Tiempo de lectura":"3 minutos"},"schema":{"@context":"https:\/\/schema.org","@graph":[{"@type":"WebPage","@id":"https:\/\/fifty-bees.com\/es\/more-bees\/","url":"https:\/\/fifty-bees.com\/es\/more-bees\/","name":"More Bees - Fifty Bees","isPartOf":{"@id":"https:\/\/fifty-bees.com\/es\/#website"},"datePublished":"2021-04-01T10:52:29+00:00","dateModified":"2021-04-13T15:27:40+00:00","description":"\u00bfPensando en tu com o en la organizaci\u00f3n de un evento sin tener que consultar al planeta? Blue Bees y The Place to Bees est\u00e1n aqu\u00ed para tu.","breadcrumb":{"@id":"https:\/\/fifty-bees.com\/es\/more-bees\/#breadcrumb"},"inLanguage":"es","potentialAction":[{"@type":"ReadAction","target":["https:\/\/fifty-bees.com\/es\/more-bees\/"]}]},{"@type":"BreadcrumbList","@id":"https:\/\/fifty-bees.com\/es\/more-bees\/#breadcrumb","itemListElement":[{"@type":"ListItem","position":1,"name":"Accueil","item":"https:\/\/fifty-bees.com\/es\/"},{"@type":"ListItem","position":2,"name":"More Bees"}]},{"@type":"WebSite","@id":"https:\/\/fifty-bees.com\/es\/#website","url":"https:\/\/fifty-bees.com\/es\/","name":"Fifty Bees","description":"","publisher":{"@id":"https:\/\/fifty-bees.com\/es\/#organization"},"potentialAction":[{"@type":"SearchAction","target":{"@type":"EntryPoint","urlTemplate":"https:\/\/fifty-bees.com\/es\/?s={search_term_string}"},"query-input":{"@type":"PropertyValueSpecification","valueRequired":true,"valueName":"search_term_string"}}],"inLanguage":"es"},{"@type":"Organization","@id":"https:\/\/fifty-bees.com\/es\/#organization","name":"Fifty Bees","url":"https:\/\/fifty-bees.com\/es\/","logo":{"@type":"ImageObject","inLanguage":"es","@id":"https:\/\/fifty-bees.com\/es\/#\/schema\/logo\/image\/","url":"https:\/\/fifty-bees.com\/wp-content\/uploads\/2019\/04\/logo_fifty_bees_rvb_h200.png","contentUrl":"https:\/\/fifty-bees.com\/wp-content\/uploads\/2019\/04\/logo_fifty_bees_rvb_h200.png","width":284,"height":221,"caption":"Fifty Bees"},"image":{"@id":"https:\/\/fifty-bees.com\/es\/#\/schema\/logo\/image\/"},"sameAs":["https:\/\/www.linkedin.com\/company\/fiftybees\/"]}]}},"_links":{"self":[{"href":"https:\/\/fifty-bees.com\/es\/wp-json\/wp\/v2\/pages\/17565","targetHints":{"allow":["GET"]}}],"collection":[{"href":"https:\/\/fifty-bees.com\/es\/wp-json\/wp\/v2\/pages"}],"about":[{"href":"https:\/\/fifty-bees.com\/es\/wp-json\/wp\/v2\/types\/page"}],"author":[{"embeddable":true,"href":"https:\/\/fifty-bees.com\/es\/wp-json\/wp\/v2\/users\/3"}],"replies":[{"embeddable":true,"href":"https:\/\/fifty-bees.com\/es\/wp-json\/wp\/v2\/comments?post=17565"}],"version-history":[{"count":13,"href":"https:\/\/fifty-bees.com\/es\/wp-json\/wp\/v2\/pages\/17565\/revisions"}],"predecessor-version":[{"id":17855,"href":"https:\/\/fifty-bees.com\/es\/wp-json\/wp\/v2\/pages\/17565\/revisions\/17855"}],"wp:attachment":[{"href":"https:\/\/fifty-bees.com\/es\/wp-json\/wp\/v2\/media?parent=17565"}],"curies":[{"name":"wp","href":"https:\/\/api.w.org\/{rel}","templated":true}]}}