{"id":16683,"date":"2019-05-27T15:56:34","date_gmt":"2019-05-27T13:56:34","guid":{"rendered":"http:\/\/fifty-bees.com\/mentions-legales\/"},"modified":"2019-10-04T09:54:12","modified_gmt":"2019-10-04T07:54:12","slug":"mentions-legales","status":"publish","type":"page","link":"https:\/\/fifty-bees.com\/en\/mentions-legales\/","title":{"rendered":"Mentions l\u00e9gales"},"content":{"rendered":"<div class=\"wpb-content-wrapper\"><p>[vc_row css_animation=&#8221;&#8221; row_type=&#8221;row&#8221; use_row_as_full_screen_section=&#8221;no&#8221; type=&#8221;full_width&#8221; angled_section=&#8221;no&#8221; text_align=&#8221;left&#8221; background_image_as_pattern=&#8221;without_pattern&#8221;][vc_column][vc_column_text]Informations l\u00e9gales<\/p>\n<p>&nbsp;<\/p>\n<ol>\n<li>Pr\u00e9sentation du site.<\/li>\n<\/ol>\n<p>En vertu de l&#8217;article 6 de la loi n\u00b0 2004-575 du 21 juin 2004 pour la confiance dans l&#8217;\u00e9conomie num\u00e9rique, il est pr\u00e9cis\u00e9 aux utilisateurs du site https:\/\/fifty-bees.com\/ l&#8217;identit\u00e9 des diff\u00e9rents intervenants dans le cadre de sa r\u00e9alisation et de son suivi :<\/p>\n<p>&nbsp;<\/p>\n<p>Propri\u00e9taire : FIFTY BEES \u2013 26 rue Raspail \u2013 69600 Oullins<\/p>\n<p>Direction artistique\u00a0: Jo\u00ebl Alessandra \u2013 1 rue du Temple \u2013 30700 Arpaillargues<\/p>\n<p>Responsable publication : Delphine Michard Grunwald \u2013 delphine.michard@fifty-bees.com<\/p>\n<p>Le responsable publication est une personne physique ou une personne morale.<\/p>\n<p>Webmaster : \u00a0Mathieu D\u00e9taint \/ Studio Kimy\u00f4 &#8211; 170 rue Henri II, 40500 Montaut<\/p>\n<p>H\u00e9bergeur : OVH \u2013 2 rue Kellermann &#8211; 59100 Roubaix &#8211; France<\/p>\n<p>Cr\u00e9dits photos \/ illustrations : Jo\u00ebl Alessandra \u2013 06 12 05 22 44 \u2013 jalessandra@me.com<\/p>\n<p>&nbsp;<\/p>\n<p>Le site est \u00e9galement accessible via les URL suivants :<\/p>\n<p>www.fiftybees.com<\/p>\n<p>www.fifty-bees.fr<\/p>\n<p>www.fiftybees.fr<\/p>\n<p>&nbsp;<\/p>\n<p>FIFTY BEES is the trade name which includes the following structures, registered to the \u00ab Ordre des Experts-Comptables \u00bb, French National Association of Chartered Accountants.<\/p>\n<ul>\n<li>AMV SAS &#8211; RCS Lyon B 382600500<\/li>\n<\/ul>\n<p>26 rue Raspail &#8211; 69600 Oullins<\/p>\n<ul>\n<li>COFAGEST CONSEILS SARL \u2013 RCS Lyon B 391416146<\/li>\n<\/ul>\n<p>26 rue Raspail &#8211; 69600 Oullins<br \/>\n302 rue Garibaldi &#8211; 69007 Lyon<\/p>\n<p>313 av Marcel M\u00e9rieux &#8211; 69530 Brignais<\/p>\n<ul>\n<li>COFAGEST LYON SUD SARL \u2013 RCS Lyon B 502967805<\/li>\n<\/ul>\n<p>70 av. Georges Clemenceau- 69230 Saint-Genis-Laval<\/p>\n<ul>\n<li>COFALIB SAS \u2013 RCS Lyon B 511034357<\/li>\n<\/ul>\n<p>26 rue Raspail &#8211; 69600 Oullins<\/p>\n<ul>\n<li>COFEA SARL &#8211; Lyon B 487800211<\/li>\n<\/ul>\n<p>27 rue Charles de Gaulle &#8211;\u00a0 69520 Grigny<br \/>\n26 rue Raspail &#8211; 69600 Oullins<\/p>\n<ul>\n<li>FINEXCONSEIL SARL \u2013 RCS Lyon B 450968326<\/li>\n<\/ul>\n<p>302 rue Garibaldi &#8211; 69007 Lyon<\/p>\n<p>&nbsp;<\/p>\n<ol start=\"2\">\n<li>Conditions g\u00e9n\u00e9rales d\u2019utilisation du site et des services propos\u00e9s.<\/li>\n<\/ol>\n<p>L\u2019utilisation du site fifty-bees.com implique l\u2019acceptation pleine et enti\u00e8re des conditions g\u00e9n\u00e9rales d\u2019utilisation ci-apr\u00e8s d\u00e9crites. Ces conditions d\u2019utilisation sont susceptibles d\u2019\u00eatre modifi\u00e9es ou compl\u00e9t\u00e9es \u00e0 tout moment, les utilisateurs du site fifty-bees.com sont donc invit\u00e9s \u00e0 les consulter de mani\u00e8re r\u00e9guli\u00e8re.<\/p>\n<p>&nbsp;<\/p>\n<p>Ce site est normalement accessible \u00e0 tout moment aux utilisateurs. Une interruption pour raison de maintenance technique peut \u00eatre toutefois d\u00e9cid\u00e9e par Fifty Bees, qui s\u2019efforcera alors de communiquer pr\u00e9alablement aux utilisateurs les dates et heures de l\u2019intervention.<\/p>\n<p>&nbsp;<\/p>\n<p>Le site fifty-bees.com est mis \u00e0 jour r\u00e9guli\u00e8rement par Mathieu D\u00e9taint \/ Studio Kimy\u00f4. De la m\u00eame fa\u00e7on, les mentions l\u00e9gales peuvent \u00eatre modifi\u00e9es \u00e0 tout moment : elles s\u2019imposent n\u00e9anmoins \u00e0 l\u2019utilisateur qui est invit\u00e9 \u00e0 s\u2019y r\u00e9f\u00e9rer le plus souvent possible afin d\u2019en prendre connaissance.<\/p>\n<p>&nbsp;<\/p>\n<ol start=\"3\">\n<li>Description des services fournis.<\/li>\n<\/ol>\n<p>Le site fifty-bees.com a pour objet de fournir une information concernant l\u2019ensemble des activit\u00e9s de la soci\u00e9t\u00e9.<\/p>\n<p>&nbsp;<\/p>\n<p>Fifty Bees s\u2019efforce de fournir sur le site fifty-bees.com des informations aussi pr\u00e9cises que possible. Toutefois, il ne pourra \u00eatre tenu responsable des omissions, des inexactitudes et des carences dans la mise \u00e0 jour, qu\u2019elles soient de son fait ou du fait des tiers partenaires qui lui fournissent ces informations.<\/p>\n<p>&nbsp;<\/p>\n<p>Tous les informations indiqu\u00e9es sur le site fifty-bees.com sont donn\u00e9es \u00e0 titre indicatif, et sont susceptibles d\u2019\u00e9voluer. Par ailleurs, les renseignements figurant sur le site fifty-bees.com ne sont pas exhaustifs. Ils sont donn\u00e9s sous r\u00e9serve de modifications ayant \u00e9t\u00e9 apport\u00e9es depuis leur mise en ligne.<\/p>\n<p>&nbsp;<\/p>\n<ol start=\"4\">\n<li>Limitations contractuelles sur les donn\u00e9es techniques.<\/li>\n<\/ol>\n<p>Le site utilise les technologies php, MySql, WordPress, Javascript, Ajax, Google Analytics.<\/p>\n<p>&nbsp;<\/p>\n<p>Le site Internet ne pourra \u00eatre tenu responsable de dommages mat\u00e9riels li\u00e9s \u00e0 l\u2019utilisation du site. De plus, l\u2019utilisateur du site s\u2019engage \u00e0 acc\u00e9der au site en utilisant un mat\u00e9riel r\u00e9cent, ne contenant pas de virus et avec un navigateur de derni\u00e8re g\u00e9n\u00e9ration mis-\u00e0-jour<\/p>\n<p>&nbsp;<\/p>\n<ol start=\"5\">\n<li>Propri\u00e9t\u00e9 intellectuelle et contrefa\u00e7ons.<\/li>\n<\/ol>\n<p>Fifty Bees est propri\u00e9taire des droits de propri\u00e9t\u00e9 intellectuelle ou d\u00e9tient les droits d\u2019usage sur tous les \u00e9l\u00e9ments accessibles sur le site, notamment les textes, images, graphismes, logo, ic\u00f4nes, sons, logiciels.<\/p>\n<p>&nbsp;<\/p>\n<p>Toute reproduction, repr\u00e9sentation, modification, publication, adaptation de tout ou partie des \u00e9l\u00e9ments du site, quel que soit le moyen ou le proc\u00e9d\u00e9 utilis\u00e9, est interdite, sauf autorisation \u00e9crite pr\u00e9alable de Fifty Bees.<\/p>\n<p>&nbsp;<\/p>\n<p>Toute exploitation non autoris\u00e9e du site ou de l\u2019un quelconque des \u00e9l\u00e9ments qu\u2019il contient sera consid\u00e9r\u00e9e comme constitutive d\u2019une contrefa\u00e7on et poursuivie conform\u00e9ment aux dispositions des articles L.335-2 et suivants du Code de Propri\u00e9t\u00e9 Intellectuelle.<\/p>\n<p>&nbsp;<\/p>\n<ol start=\"6\">\n<li>Limitations de responsabilit\u00e9.<\/li>\n<\/ol>\n<p>Fifty Bees ne pourra \u00eatre tenu responsable des dommages directs et indirects caus\u00e9s au mat\u00e9riel de l\u2019utilisateur, lors de l\u2019acc\u00e8s au site fifty-bees.com, et r\u00e9sultant soit de l\u2019utilisation d\u2019un mat\u00e9riel ne r\u00e9pondant pas aux sp\u00e9cifications indiqu\u00e9es au point 4, soit de l\u2019apparition d\u2019un bug ou d\u2019une incompatibilit\u00e9.<\/p>\n<p>&nbsp;<\/p>\n<p>Fifty Bees ne pourra \u00e9galement \u00eatre tenu responsable des dommages indirects (tels par exemple qu\u2019une perte de march\u00e9 ou perte d\u2019une chance) cons\u00e9cutifs \u00e0 l\u2019utilisation du site Fifty-bees.com.<\/p>\n<p>&nbsp;<\/p>\n<p>Des espaces interactifs (possibilit\u00e9 de poser des questions dans l\u2019espace contact) sont \u00e0 la disposition des utilisateurs. Fifty Bees se r\u00e9serve le droit de supprimer, sans mise en demeure pr\u00e9alable, tout contenu d\u00e9pos\u00e9 dans cet espace qui contreviendrait \u00e0 la l\u00e9gislation applicable en France, en particulier aux dispositions relatives \u00e0 la protection des donn\u00e9es. Le cas \u00e9ch\u00e9ant, Fifty Bees se r\u00e9serve \u00e9galement la possibilit\u00e9 de mettre en cause la responsabilit\u00e9 civile et\/ou p\u00e9nale de l\u2019utilisateur, notamment en cas de message \u00e0 caract\u00e8re raciste, injurieux, diffamant, ou pornographique, quel que soit le support utilis\u00e9 (texte, photographie\u2026).<\/p>\n<p>&nbsp;<\/p>\n<ol start=\"7\">\n<li>Gestion des donn\u00e9es personnelles.<\/li>\n<\/ol>\n<p>En France, les donn\u00e9es personnelles sont notamment prot\u00e9g\u00e9es par la loi n\u00b0 78-87 du 6 janvier 1978, la loi n\u00b0 2004-801 du 6 ao\u00fbt 2004, l&#8217;article L. 226-13 du Code p\u00e9nal, la Directive Europ\u00e9enne du 24 octobre 1995 et RGPD, r\u00e8glement UE 2016\/679.<\/p>\n<p>&nbsp;<\/p>\n<p>A l&#8217;occasion de l&#8217;utilisation du site fifty-bees.com, peuvent \u00eatre recueillies : l&#8217;URL des liens par l&#8217;interm\u00e9diaire desquels l&#8217;utilisateur a acc\u00e9d\u00e9 au site fifty-bees.com, le fournisseur d&#8217;acc\u00e8s de l&#8217;utilisateur, l&#8217;adresse de protocole Internet (IP) de l&#8217;utilisateur.<\/p>\n<p>&nbsp;<\/p>\n<p>En tout \u00e9tat de cause Fifty Bees ne collecte des informations personnelles relatives \u00e0 l&#8217;utilisateur que pour le besoin de certains services propos\u00e9s par le site fifty-bees.com. L&#8217;utilisateur fournit ces informations en toute connaissance de cause, notamment lorsqu&#8217;il proc\u00e8de par lui-m\u00eame \u00e0 leur saisie. Il est alors pr\u00e9cis\u00e9 \u00e0 l&#8217;utilisateur du site fifty-bees.com l\u2019obligation ou non de fournir ces informations.<\/p>\n<p>&nbsp;<\/p>\n<p>Conform\u00e9ment aux dispositions des articles 38 et suivants de la loi 78-17 du 6 janvier 1978 relative \u00e0 l\u2019informatique, aux fichiers et aux libert\u00e9s, tout utilisateur dispose d\u2019un droit d\u2019acc\u00e8s, de rectification et d\u2019opposition aux donn\u00e9es personnelles le concernant, en effectuant sa demande \u00e9crite et sign\u00e9e, accompagn\u00e9e d\u2019une copie du titre d\u2019identit\u00e9 avec signature du titulaire de la pi\u00e8ce, en pr\u00e9cisant l\u2019adresse \u00e0 laquelle la r\u00e9ponse doit \u00eatre envoy\u00e9e.<\/p>\n<p>&nbsp;<\/p>\n<p>Aucune information personnelle de l&#8217;utilisateur du site fifty-bees.com n&#8217;est publi\u00e9e \u00e0 l&#8217;insu de l&#8217;utilisateur, \u00e9chang\u00e9e, transf\u00e9r\u00e9e, c\u00e9d\u00e9e ou vendue sur un support quelconque \u00e0 des tiers. Seule l&#8217;hypoth\u00e8se du rachat de Fifty Bees et de ses droits permettrait la transmission des dites informations \u00e0 l&#8217;\u00e9ventuel acqu\u00e9reur qui serait \u00e0 son tour tenu de la m\u00eame obligation de conservation et de modification des donn\u00e9es vis \u00e0 vis de l&#8217;utilisateur du site fifty-bees.com.<\/p>\n<p>&nbsp;<\/p>\n<p>Les bases de donn\u00e9es sont prot\u00e9g\u00e9es par les dispositions de la loi du 1er juillet 1998 transposant la directive 96\/9 du 11 mars 1996 relative \u00e0 la protection juridique des bases de donn\u00e9es.<\/p>\n<p>&nbsp;<\/p>\n<ol start=\"8\">\n<li>Liens hypertextes et cookies.<\/li>\n<\/ol>\n<p>Le site fifty-bees.com contient un certain nombre de liens hypertextes vers d\u2019autres sites, mis en place avec l\u2019autorisation de Fifty Bees. Cependant, Fifty Bees n\u2019a pas la possibilit\u00e9 de v\u00e9rifier le contenu des sites ainsi visit\u00e9s, et n\u2019assumera en cons\u00e9quence aucune responsabilit\u00e9 de ce fait.<\/p>\n<p>&nbsp;<\/p>\n<p>La navigation sur le site fifty-bees.fr est susceptible de provoquer l\u2019installation de cookie(s) sur l\u2019ordinateur de l\u2019utilisateur. Un cookie est un fichier de petite taille, qui ne permet pas l\u2019identification de l\u2019utilisateur, mais qui enregistre des informations relatives \u00e0 la navigation d\u2019un ordinateur sur un site. Les donn\u00e9es ainsi obtenues visent \u00e0 faciliter la navigation ult\u00e9rieure sur le site, et ont \u00e9galement vocation \u00e0 permettre diverses mesures de fr\u00e9quentation.<\/p>\n<p>&nbsp;<\/p>\n<p>Le refus d\u2019installation d\u2019un cookie peut entra\u00eener l\u2019impossibilit\u00e9 d\u2019acc\u00e9der \u00e0 certains services. L\u2019utilisateur peut toutefois configurer son ordinateur de la mani\u00e8re suivante, pour refuser l\u2019installation des cookies :<\/p>\n<p>&nbsp;<\/p>\n<p>Sous Internet Explorer : onglet outil (pictogramme en forme de rouage en haut \u00e0 droite) \/ options internet. Cliquez sur Confidentialit\u00e9 et choisissez Bloquer tous les cookies. Validez sur Ok.<\/p>\n<p>&nbsp;<\/p>\n<p>Sous Firefox : en haut de la fen\u00eatre du navigateur, cliquez sur le bouton Firefox, puis aller dans l&#8217;onglet Options. Cliquer sur l&#8217;onglet Vie priv\u00e9e.<\/p>\n<p>Param\u00e9trez les R\u00e8gles de conservation sur : utiliser les param\u00e8tres personnalis\u00e9s pour l&#8217;historique. Enfin d\u00e9cochez-la pour d\u00e9sactiver les cookies.<\/p>\n<p>&nbsp;<\/p>\n<p>Sous Safari : Cliquez en haut \u00e0 droite du navigateur sur le pictogramme de menu (symbolis\u00e9 par un rouage). S\u00e9lectionnez Param\u00e8tres. Cliquez sur Afficher les param\u00e8tres avanc\u00e9s. Dans la section &#8220;Confidentialit\u00e9&#8221;, cliquez sur Param\u00e8tres de contenu. Dans la section &#8220;Cookies&#8221;, vous pouvez bloquer les cookies.<\/p>\n<p>&nbsp;<\/p>\n<p>Sous Chrome : Cliquez en haut \u00e0 droite du navigateur sur le pictogramme de menu (symbolis\u00e9 par trois lignes horizontales). S\u00e9lectionnez Param\u00e8tres. Cliquez sur Afficher les param\u00e8tres avanc\u00e9s. Dans la section &#8220;Confidentialit\u00e9&#8221;, cliquez sur pr\u00e9f\u00e9rences. Dans l&#8217;onglet &#8220;Confidentialit\u00e9&#8221;, vous pouvez bloquer les cookies.<\/p>\n<p>&nbsp;<\/p>\n<ol start=\"9\">\n<li>Droit applicable et attribution de juridiction.<\/li>\n<\/ol>\n<p>Tout litige en relation avec l\u2019utilisation du site fifty-bees.com est soumis au droit fran\u00e7ais. Il est fait attribution exclusive de juridiction aux tribunaux comp\u00e9tents de Paris.<\/p>\n<p>&nbsp;<\/p>\n<ol start=\"10\">\n<li>Les principales lois concern\u00e9es.<\/li>\n<\/ol>\n<p>Loi n\u00b0 78-17 du 6 janvier 1978, notamment modifi\u00e9e par la loi n\u00b0 2004-801 du 6 ao\u00fbt 2004 relative \u00e0 l&#8217;informatique, aux fichiers et aux libert\u00e9s.<\/p>\n<p>&nbsp;<\/p>\n<p>Loi n\u00b0 2004-575 du 21 juin 2004 pour la confiance dans l&#8217;\u00e9conomie num\u00e9rique.<\/p>\n<p>&nbsp;<\/p>\n<p>RGPD (\u00ab r\u00e8glement g\u00e9n\u00e9ral sur la protection des donn\u00e9es \u00bb), r\u00e8glement europ\u00e9en qui encadre les r\u00e8gles de protection des donn\u00e9es personnelles (r\u00e8glement UE 2016\/679).<\/p>\n<p>&nbsp;<\/p>\n<ol start=\"11\">\n<li>Lexique.<\/li>\n<\/ol>\n<p>Utilisateur : Internaute se connectant, utilisant le site susnomm\u00e9.<\/p>\n<p>&nbsp;<\/p>\n<p>Informations personnelles : \u00ab les informations qui permettent, sous quelque forme que ce soit, directement ou non, l&#8217;identification des personnes physiques auxquelles elles s&#8217;appliquent \u00bb (article 4 de la loi n\u00b0 78-17 du 6 janvier 1978).[\/vc_column_text][vc_separator type=&#8221;transparent&#8221;][\/vc_column][\/vc_row]<\/p>\n<\/div>","protected":false},"excerpt":{"rendered":"<p>[vc_row css_animation=&#8221;&#8221; row_type=&#8221;row&#8221; use_row_as_full_screen_section=&#8221;no&#8221; type=&#8221;full_width&#8221; angled_section=&#8221;no&#8221; text_align=&#8221;left&#8221; background_image_as_pattern=&#8221;without_pattern&#8221;][vc_column][vc_column_text]Informations l\u00e9gales &nbsp; Pr\u00e9sentation du site. En vertu de l&#8217;article 6 de la loi n\u00b0 2004-575 du 21 juin 2004 pour la confiance dans l&#8217;\u00e9conomie num\u00e9rique, il est pr\u00e9cis\u00e9 aux utilisateurs du site https:\/\/fifty-bees.com\/ l&#8217;identit\u00e9 des diff\u00e9rents intervenants&#8230;<\/p>\n","protected":false},"author":3,"featured_media":0,"parent":0,"menu_order":0,"comment_status":"closed","ping_status":"closed","template":"","meta":{"footnotes":""},"class_list":["post-16683","page","type-page","status-publish","hentry"],"yoast_head":"<!-- This site is optimized with the Yoast SEO plugin v25.7 - https:\/\/yoast.com\/wordpress\/plugins\/seo\/ -->\n<title>Mentions l\u00e9gales - Fifty Bees<\/title>\n<meta name=\"robots\" content=\"index, follow, max-snippet:-1, max-image-preview:large, max-video-preview:-1\" \/>\n<link rel=\"canonical\" href=\"https:\/\/fifty-bees.com\/en\/mentions-legales\/\" \/>\n<meta property=\"og:locale\" content=\"en_US\" \/>\n<meta property=\"og:type\" content=\"article\" \/>\n<meta property=\"og:title\" content=\"Mentions l\u00e9gales - Fifty Bees\" \/>\n<meta property=\"og:description\" content=\"[vc_row css_animation=&#8221;&#8221; row_type=&#8221;row&#8221; use_row_as_full_screen_section=&#8221;no&#8221; type=&#8221;full_width&#8221; angled_section=&#8221;no&#8221; text_align=&#8221;left&#8221; background_image_as_pattern=&#8221;without_pattern&#8221;][vc_column][vc_column_text]Informations l\u00e9gales &nbsp; Pr\u00e9sentation du site. En vertu de l&#8217;article 6 de la loi n\u00b0 2004-575 du 21 juin 2004 pour la confiance dans l&#8217;\u00e9conomie num\u00e9rique, il est pr\u00e9cis\u00e9 aux utilisateurs du site https:\/\/fifty-bees.com\/ l&#8217;identit\u00e9 des diff\u00e9rents intervenants...\" \/>\n<meta property=\"og:url\" content=\"https:\/\/fifty-bees.com\/en\/mentions-legales\/\" \/>\n<meta property=\"og:site_name\" content=\"Fifty Bees\" \/>\n<meta property=\"article:modified_time\" content=\"2019-10-04T07:54:12+00:00\" \/>\n<meta name=\"twitter:card\" content=\"summary_large_image\" \/>\n<meta name=\"twitter:label1\" content=\"Est. reading time\" \/>\n\t<meta name=\"twitter:data1\" content=\"9 minutes\" \/>\n<script type=\"application\/ld+json\" class=\"yoast-schema-graph\">{\"@context\":\"https:\/\/schema.org\",\"@graph\":[{\"@type\":\"WebPage\",\"@id\":\"https:\/\/fifty-bees.com\/en\/mentions-legales\/\",\"url\":\"https:\/\/fifty-bees.com\/en\/mentions-legales\/\",\"name\":\"Mentions l\u00e9gales - Fifty Bees\",\"isPartOf\":{\"@id\":\"https:\/\/fifty-bees.com\/en\/#website\"},\"datePublished\":\"2019-05-27T13:56:34+00:00\",\"dateModified\":\"2019-10-04T07:54:12+00:00\",\"breadcrumb\":{\"@id\":\"https:\/\/fifty-bees.com\/en\/mentions-legales\/#breadcrumb\"},\"inLanguage\":\"en-US\",\"potentialAction\":[{\"@type\":\"ReadAction\",\"target\":[\"https:\/\/fifty-bees.com\/en\/mentions-legales\/\"]}]},{\"@type\":\"BreadcrumbList\",\"@id\":\"https:\/\/fifty-bees.com\/en\/mentions-legales\/#breadcrumb\",\"itemListElement\":[{\"@type\":\"ListItem\",\"position\":1,\"name\":\"Accueil\",\"item\":\"https:\/\/fifty-bees.com\/en\/\"},{\"@type\":\"ListItem\",\"position\":2,\"name\":\"Mentions l\u00e9gales\"}]},{\"@type\":\"WebSite\",\"@id\":\"https:\/\/fifty-bees.com\/en\/#website\",\"url\":\"https:\/\/fifty-bees.com\/en\/\",\"name\":\"Fifty Bees\",\"description\":\"\",\"publisher\":{\"@id\":\"https:\/\/fifty-bees.com\/en\/#organization\"},\"potentialAction\":[{\"@type\":\"SearchAction\",\"target\":{\"@type\":\"EntryPoint\",\"urlTemplate\":\"https:\/\/fifty-bees.com\/en\/?s={search_term_string}\"},\"query-input\":{\"@type\":\"PropertyValueSpecification\",\"valueRequired\":true,\"valueName\":\"search_term_string\"}}],\"inLanguage\":\"en-US\"},{\"@type\":\"Organization\",\"@id\":\"https:\/\/fifty-bees.com\/en\/#organization\",\"name\":\"Fifty Bees\",\"url\":\"https:\/\/fifty-bees.com\/en\/\",\"logo\":{\"@type\":\"ImageObject\",\"inLanguage\":\"en-US\",\"@id\":\"https:\/\/fifty-bees.com\/en\/#\/schema\/logo\/image\/\",\"url\":\"https:\/\/fifty-bees.com\/wp-content\/uploads\/2019\/04\/logo_fifty_bees_rvb_h200.png\",\"contentUrl\":\"https:\/\/fifty-bees.com\/wp-content\/uploads\/2019\/04\/logo_fifty_bees_rvb_h200.png\",\"width\":284,\"height\":221,\"caption\":\"Fifty Bees\"},\"image\":{\"@id\":\"https:\/\/fifty-bees.com\/en\/#\/schema\/logo\/image\/\"},\"sameAs\":[\"https:\/\/www.linkedin.com\/company\/fiftybees\/\"]}]}<\/script>\n<!-- \/ Yoast SEO plugin. -->","yoast_head_json":{"title":"Mentions l\u00e9gales - Fifty Bees","robots":{"index":"index","follow":"follow","max-snippet":"max-snippet:-1","max-image-preview":"max-image-preview:large","max-video-preview":"max-video-preview:-1"},"canonical":"https:\/\/fifty-bees.com\/en\/mentions-legales\/","og_locale":"en_US","og_type":"article","og_title":"Mentions l\u00e9gales - Fifty Bees","og_description":"[vc_row css_animation=&#8221;&#8221; row_type=&#8221;row&#8221; use_row_as_full_screen_section=&#8221;no&#8221; type=&#8221;full_width&#8221; angled_section=&#8221;no&#8221; text_align=&#8221;left&#8221; background_image_as_pattern=&#8221;without_pattern&#8221;][vc_column][vc_column_text]Informations l\u00e9gales &nbsp; Pr\u00e9sentation du site. En vertu de l&#8217;article 6 de la loi n\u00b0 2004-575 du 21 juin 2004 pour la confiance dans l&#8217;\u00e9conomie num\u00e9rique, il est pr\u00e9cis\u00e9 aux utilisateurs du site https:\/\/fifty-bees.com\/ l&#8217;identit\u00e9 des diff\u00e9rents intervenants...","og_url":"https:\/\/fifty-bees.com\/en\/mentions-legales\/","og_site_name":"Fifty Bees","article_modified_time":"2019-10-04T07:54:12+00:00","twitter_card":"summary_large_image","twitter_misc":{"Est. reading time":"9 minutes"},"schema":{"@context":"https:\/\/schema.org","@graph":[{"@type":"WebPage","@id":"https:\/\/fifty-bees.com\/en\/mentions-legales\/","url":"https:\/\/fifty-bees.com\/en\/mentions-legales\/","name":"Mentions l\u00e9gales - Fifty Bees","isPartOf":{"@id":"https:\/\/fifty-bees.com\/en\/#website"},"datePublished":"2019-05-27T13:56:34+00:00","dateModified":"2019-10-04T07:54:12+00:00","breadcrumb":{"@id":"https:\/\/fifty-bees.com\/en\/mentions-legales\/#breadcrumb"},"inLanguage":"en-US","potentialAction":[{"@type":"ReadAction","target":["https:\/\/fifty-bees.com\/en\/mentions-legales\/"]}]},{"@type":"BreadcrumbList","@id":"https:\/\/fifty-bees.com\/en\/mentions-legales\/#breadcrumb","itemListElement":[{"@type":"ListItem","position":1,"name":"Accueil","item":"https:\/\/fifty-bees.com\/en\/"},{"@type":"ListItem","position":2,"name":"Mentions l\u00e9gales"}]},{"@type":"WebSite","@id":"https:\/\/fifty-bees.com\/en\/#website","url":"https:\/\/fifty-bees.com\/en\/","name":"Fifty Bees","description":"","publisher":{"@id":"https:\/\/fifty-bees.com\/en\/#organization"},"potentialAction":[{"@type":"SearchAction","target":{"@type":"EntryPoint","urlTemplate":"https:\/\/fifty-bees.com\/en\/?s={search_term_string}"},"query-input":{"@type":"PropertyValueSpecification","valueRequired":true,"valueName":"search_term_string"}}],"inLanguage":"en-US"},{"@type":"Organization","@id":"https:\/\/fifty-bees.com\/en\/#organization","name":"Fifty Bees","url":"https:\/\/fifty-bees.com\/en\/","logo":{"@type":"ImageObject","inLanguage":"en-US","@id":"https:\/\/fifty-bees.com\/en\/#\/schema\/logo\/image\/","url":"https:\/\/fifty-bees.com\/wp-content\/uploads\/2019\/04\/logo_fifty_bees_rvb_h200.png","contentUrl":"https:\/\/fifty-bees.com\/wp-content\/uploads\/2019\/04\/logo_fifty_bees_rvb_h200.png","width":284,"height":221,"caption":"Fifty Bees"},"image":{"@id":"https:\/\/fifty-bees.com\/en\/#\/schema\/logo\/image\/"},"sameAs":["https:\/\/www.linkedin.com\/company\/fiftybees\/"]}]}},"_links":{"self":[{"href":"https:\/\/fifty-bees.com\/en\/wp-json\/wp\/v2\/pages\/16683","targetHints":{"allow":["GET"]}}],"collection":[{"href":"https:\/\/fifty-bees.com\/en\/wp-json\/wp\/v2\/pages"}],"about":[{"href":"https:\/\/fifty-bees.com\/en\/wp-json\/wp\/v2\/types\/page"}],"author":[{"embeddable":true,"href":"https:\/\/fifty-bees.com\/en\/wp-json\/wp\/v2\/users\/3"}],"replies":[{"embeddable":true,"href":"https:\/\/fifty-bees.com\/en\/wp-json\/wp\/v2\/comments?post=16683"}],"version-history":[{"count":3,"href":"https:\/\/fifty-bees.com\/en\/wp-json\/wp\/v2\/pages\/16683\/revisions"}],"predecessor-version":[{"id":17090,"href":"https:\/\/fifty-bees.com\/en\/wp-json\/wp\/v2\/pages\/16683\/revisions\/17090"}],"wp:attachment":[{"href":"https:\/\/fifty-bees.com\/en\/wp-json\/wp\/v2\/media?parent=16683"}],"curies":[{"name":"wp","href":"https:\/\/api.w.org\/{rel}","templated":true}]}}